{"id":1740,"date":"2021-04-16T18:36:36","date_gmt":"2021-04-16T15:36:36","guid":{"rendered":"https:\/\/agroinfo.lt\/my-account\/"},"modified":"2021-04-16T18:36:36","modified_gmt":"2021-04-16T15:36:36","slug":"my-account","status":"publish","type":"page","link":"https:\/\/agroinfo.lt\/lv\/shop\/my-account\/","title":{"rendered":"My Account"},"content":{"rendered":"<div class=\"woocommerce\"><div class=\"woocommerce-notices-wrapper\"><\/div>\n\n<div class=\"u-columns col2-set\" id=\"customer_login\">\n\n\t<div class=\"u-column1 col-1\">\n\n\n\t\t<h2>Login<\/h2>\n\n\t\t<form class=\"woocommerce-form woocommerce-form-login login\" method=\"post\" novalidate>\n\n\t\t\t\n\t\t\t<p class=\"woocommerce-form-row woocommerce-form-row--wide form-row form-row-wide\">\n\t\t\t\t<label for=\"username\">Username or email address&nbsp;<span class=\"required\" aria-hidden=\"true\">*<\/span><span class=\"screen-reader-text\">Required<\/span><\/label>\n\t\t\t\t<input type=\"text\" class=\"woocommerce-Input woocommerce-Input--text input-text\" name=\"username\" id=\"username\" autocomplete=\"username\" value=\"\" required aria-required=\"true\" \/>\t\t\t<\/p>\n\t\t\t<p class=\"woocommerce-form-row woocommerce-form-row--wide form-row form-row-wide\">\n\t\t\t\t<label for=\"password\">Password&nbsp;<span class=\"required\" aria-hidden=\"true\">*<\/span><span class=\"screen-reader-text\">Required<\/span><\/label>\n\t\t\t\t<input class=\"woocommerce-Input woocommerce-Input--text input-text\" type=\"password\" name=\"password\" id=\"password\" autocomplete=\"current-password\" required aria-required=\"true\" \/>\n\t\t\t<\/p>\n\n\t\t\t\n\t\t\t<p class=\"form-row\">\n\t\t\t\t<label class=\"woocommerce-form__label woocommerce-form__label-for-checkbox woocommerce-form-login__rememberme\">\n\t\t\t\t\t<input class=\"woocommerce-form__input woocommerce-form__input-checkbox\" name=\"rememberme\" type=\"checkbox\" id=\"rememberme\" value=\"forever\" \/> <span>Remember me<\/span>\n\t\t\t\t<\/label>\n\t\t\t\t<input type=\"hidden\" id=\"woocommerce-login-nonce\" name=\"woocommerce-login-nonce\" value=\"351d1de4bf\" \/><input type=\"hidden\" name=\"_wp_http_referer\" value=\"\/lv\/wp-json\/wp\/v2\/pages\/1740\" \/>\t\t\t\t<button type=\"submit\" class=\"woocommerce-button button woocommerce-form-login__submit\" name=\"login\" value=\"Log in\">Log in<\/button>\n\t\t\t<\/p>\n\t\t\t<p class=\"woocommerce-LostPassword lost_password\">\n\t\t\t\t<a href=\"https:\/\/agroinfo.lt\/lv\/shop\/my-account\/lost-password\/\">Lost your password?<\/a>\n\t\t\t<\/p>\n\n\t\t\t\n\t\t<\/form>\n\n\n\t<\/div>\n\n\t<div class=\"u-column2 col-2\">\n\n\t\t<h2>Register<\/h2>\n\n\t\t<form method=\"post\" class=\"woocommerce-form woocommerce-form-register register\"  >\n\n\t\t\t\n\t\t\t\n\t\t\t<p class=\"woocommerce-form-row woocommerce-form-row--wide form-row form-row-wide\">\n\t\t\t\t<label for=\"reg_email\">Email address&nbsp;<span class=\"required\" aria-hidden=\"true\">*<\/span><span class=\"screen-reader-text\">Required<\/span><\/label>\n\t\t\t\t<input type=\"email\" class=\"woocommerce-Input woocommerce-Input--text input-text\" name=\"email\" id=\"reg_email\" autocomplete=\"email\" value=\"\" required aria-required=\"true\" \/>\t\t\t<\/p>\n\n\t\t\t\n\t\t\t\t<p>A link to set a new password will be sent to your email address.<\/p>\n\n\t\t\t\n\t\t\t<wc-order-attribution-inputs><\/wc-order-attribution-inputs><div class=\"woocommerce-privacy-policy-text\"><p>J\u016bs\u0173 asmeniniai duomenys bus naudojami patogesniam nar\u0161ymui \u0161iame tinklalapyje, paskyros valdymui bei kitoms reikm\u0117ms, kurios apra\u0161ytos m\u016bs\u0173 privatumo politikoje.<\/p>\n<\/div>\n\t\t\t<p class=\"woocommerce-form-row form-row\">\n\t\t\t\t<input type=\"hidden\" id=\"woocommerce-register-nonce\" name=\"woocommerce-register-nonce\" value=\"db43ed32ef\" \/><input type=\"hidden\" name=\"_wp_http_referer\" value=\"\/lv\/wp-json\/wp\/v2\/pages\/1740\" \/>\t\t\t\t<button type=\"submit\" class=\"woocommerce-Button woocommerce-button button woocommerce-form-register__submit\" name=\"register\" value=\"Register\">Register<\/button>\n\t\t\t<\/p>\n\n\t\t\t\n\t\t<\/form>\n\n\t<\/div>\n\n<\/div>\n\n<\/div>\n","protected":false},"excerpt":{"rendered":"","protected":false},"author":5,"featured_media":0,"parent":1737,"menu_order":0,"comment_status":"closed","ping_status":"closed","template":"","meta":{"footnotes":""},"categories":[],"tags":[],"class_list":["post-1740","page","type-page","status-publish","hentry"],"yoast_head":"<!-- This site is optimized with the Yoast SEO plugin v27.0 - https:\/\/yoast.com\/product\/yoast-seo-wordpress\/ -->\n<title>My Account - Agroinfo UAB |<\/title>\n<meta name=\"robots\" content=\"index, follow, max-snippet:-1, max-image-preview:large, max-video-preview:-1\" \/>\n<link rel=\"canonical\" href=\"https:\/\/agroinfo.lt\/lv\/shop\/my-account\/\" \/>\n<meta property=\"og:locale\" content=\"lv_LV\" \/>\n<meta property=\"og:type\" content=\"article\" \/>\n<meta property=\"og:title\" content=\"My Account - Agroinfo UAB |\" \/>\n<meta property=\"og:url\" content=\"https:\/\/agroinfo.lt\/lv\/shop\/my-account\/\" \/>\n<meta property=\"og:site_name\" content=\"Agroinfo UAB |\" \/>\n<meta property=\"article:publisher\" content=\"https:\/\/www.facebook.com\/UAB-Agroinfo-1695268507399346\" \/>\n<meta name=\"twitter:card\" content=\"summary_large_image\" \/>\n<script type=\"application\/ld+json\" class=\"yoast-schema-graph\">{\"@context\":\"https:\/\/schema.org\",\"@graph\":[{\"@type\":\"WebPage\",\"@id\":\"https:\/\/agroinfo.lt\/lv\/shop\/my-account\/\",\"url\":\"https:\/\/agroinfo.lt\/lv\/shop\/my-account\/\",\"name\":\"My Account - Agroinfo UAB |\",\"isPartOf\":{\"@id\":\"https:\/\/agroinfo.lt\/lv\/#website\"},\"datePublished\":\"2021-04-16T15:36:36+00:00\",\"breadcrumb\":{\"@id\":\"https:\/\/agroinfo.lt\/lv\/shop\/my-account\/#breadcrumb\"},\"inLanguage\":\"lv-LV\",\"potentialAction\":[{\"@type\":\"ReadAction\",\"target\":[\"https:\/\/agroinfo.lt\/lv\/shop\/my-account\/\"]}]},{\"@type\":\"BreadcrumbList\",\"@id\":\"https:\/\/agroinfo.lt\/lv\/shop\/my-account\/#breadcrumb\",\"itemListElement\":[{\"@type\":\"ListItem\",\"position\":1,\"name\":\"Prad\u017eia\",\"item\":\"https:\/\/agroinfo.lt\/lv\/\"},{\"@type\":\"ListItem\",\"position\":2,\"name\":\"My Account\"}]},{\"@type\":\"WebSite\",\"@id\":\"https:\/\/agroinfo.lt\/lv\/#website\",\"url\":\"https:\/\/agroinfo.lt\/lv\/\",\"name\":\"Agroinfo UAB |\",\"description\":\"Ferm\u0173 \u012franga | Pieno \u016bkis | D\u0117mesys karvei - sveiki ver\u0161eliai\",\"publisher\":{\"@id\":\"https:\/\/agroinfo.lt\/lv\/#organization\"},\"potentialAction\":[{\"@type\":\"SearchAction\",\"target\":{\"@type\":\"EntryPoint\",\"urlTemplate\":\"https:\/\/agroinfo.lt\/lv\/?s={search_term_string}\"},\"query-input\":{\"@type\":\"PropertyValueSpecification\",\"valueRequired\":true,\"valueName\":\"search_term_string\"}}],\"inLanguage\":\"lv-LV\"},{\"@type\":\"Organization\",\"@id\":\"https:\/\/agroinfo.lt\/lv\/#organization\",\"name\":\"UAB Agroinfo\",\"url\":\"https:\/\/agroinfo.lt\/lv\/\",\"logo\":{\"@type\":\"ImageObject\",\"inLanguage\":\"lv-LV\",\"@id\":\"https:\/\/agroinfo.lt\/lv\/#\/schema\/logo\/image\/\",\"url\":\"https:\/\/agroinfo.lt\/wp-content\/uploads\/2018\/11\/cropped-Agroinfo_logo_2-1.jpg\",\"contentUrl\":\"https:\/\/agroinfo.lt\/wp-content\/uploads\/2018\/11\/cropped-Agroinfo_logo_2-1.jpg\",\"width\":792,\"height\":464,\"caption\":\"UAB Agroinfo\"},\"image\":{\"@id\":\"https:\/\/agroinfo.lt\/lv\/#\/schema\/logo\/image\/\"},\"sameAs\":[\"https:\/\/www.facebook.com\/UAB-Agroinfo-1695268507399346\",\"https:\/\/www.youtube.com\/channel\/UCrndGwh3H7OsV5sCDIBBYGg\"]}]}<\/script>\n<!-- \/ Yoast SEO plugin. -->","yoast_head_json":{"title":"My Account - Agroinfo UAB |","robots":{"index":"index","follow":"follow","max-snippet":"max-snippet:-1","max-image-preview":"max-image-preview:large","max-video-preview":"max-video-preview:-1"},"canonical":"https:\/\/agroinfo.lt\/lv\/shop\/my-account\/","og_locale":"lv_LV","og_type":"article","og_title":"My Account - Agroinfo UAB |","og_url":"https:\/\/agroinfo.lt\/lv\/shop\/my-account\/","og_site_name":"Agroinfo UAB |","article_publisher":"https:\/\/www.facebook.com\/UAB-Agroinfo-1695268507399346","twitter_card":"summary_large_image","schema":{"@context":"https:\/\/schema.org","@graph":[{"@type":"WebPage","@id":"https:\/\/agroinfo.lt\/lv\/shop\/my-account\/","url":"https:\/\/agroinfo.lt\/lv\/shop\/my-account\/","name":"My Account - Agroinfo UAB |","isPartOf":{"@id":"https:\/\/agroinfo.lt\/lv\/#website"},"datePublished":"2021-04-16T15:36:36+00:00","breadcrumb":{"@id":"https:\/\/agroinfo.lt\/lv\/shop\/my-account\/#breadcrumb"},"inLanguage":"lv-LV","potentialAction":[{"@type":"ReadAction","target":["https:\/\/agroinfo.lt\/lv\/shop\/my-account\/"]}]},{"@type":"BreadcrumbList","@id":"https:\/\/agroinfo.lt\/lv\/shop\/my-account\/#breadcrumb","itemListElement":[{"@type":"ListItem","position":1,"name":"Prad\u017eia","item":"https:\/\/agroinfo.lt\/lv\/"},{"@type":"ListItem","position":2,"name":"My Account"}]},{"@type":"WebSite","@id":"https:\/\/agroinfo.lt\/lv\/#website","url":"https:\/\/agroinfo.lt\/lv\/","name":"Agroinfo UAB |","description":"Ferm\u0173 \u012franga | Pieno \u016bkis | D\u0117mesys karvei - sveiki ver\u0161eliai","publisher":{"@id":"https:\/\/agroinfo.lt\/lv\/#organization"},"potentialAction":[{"@type":"SearchAction","target":{"@type":"EntryPoint","urlTemplate":"https:\/\/agroinfo.lt\/lv\/?s={search_term_string}"},"query-input":{"@type":"PropertyValueSpecification","valueRequired":true,"valueName":"search_term_string"}}],"inLanguage":"lv-LV"},{"@type":"Organization","@id":"https:\/\/agroinfo.lt\/lv\/#organization","name":"UAB Agroinfo","url":"https:\/\/agroinfo.lt\/lv\/","logo":{"@type":"ImageObject","inLanguage":"lv-LV","@id":"https:\/\/agroinfo.lt\/lv\/#\/schema\/logo\/image\/","url":"https:\/\/agroinfo.lt\/wp-content\/uploads\/2018\/11\/cropped-Agroinfo_logo_2-1.jpg","contentUrl":"https:\/\/agroinfo.lt\/wp-content\/uploads\/2018\/11\/cropped-Agroinfo_logo_2-1.jpg","width":792,"height":464,"caption":"UAB Agroinfo"},"image":{"@id":"https:\/\/agroinfo.lt\/lv\/#\/schema\/logo\/image\/"},"sameAs":["https:\/\/www.facebook.com\/UAB-Agroinfo-1695268507399346","https:\/\/www.youtube.com\/channel\/UCrndGwh3H7OsV5sCDIBBYGg"]}]}},"_links":{"self":[{"href":"https:\/\/agroinfo.lt\/lv\/wp-json\/wp\/v2\/pages\/1740","targetHints":{"allow":["GET"]}}],"collection":[{"href":"https:\/\/agroinfo.lt\/lv\/wp-json\/wp\/v2\/pages"}],"about":[{"href":"https:\/\/agroinfo.lt\/lv\/wp-json\/wp\/v2\/types\/page"}],"author":[{"embeddable":true,"href":"https:\/\/agroinfo.lt\/lv\/wp-json\/wp\/v2\/users\/5"}],"replies":[{"embeddable":true,"href":"https:\/\/agroinfo.lt\/lv\/wp-json\/wp\/v2\/comments?post=1740"}],"version-history":[{"count":0,"href":"https:\/\/agroinfo.lt\/lv\/wp-json\/wp\/v2\/pages\/1740\/revisions"}],"up":[{"embeddable":true,"href":"https:\/\/agroinfo.lt\/lv\/wp-json\/wp\/v2\/pages\/1737"}],"wp:attachment":[{"href":"https:\/\/agroinfo.lt\/lv\/wp-json\/wp\/v2\/media?parent=1740"}],"wp:term":[{"taxonomy":"category","embeddable":true,"href":"https:\/\/agroinfo.lt\/lv\/wp-json\/wp\/v2\/categories?post=1740"},{"taxonomy":"post_tag","embeddable":true,"href":"https:\/\/agroinfo.lt\/lv\/wp-json\/wp\/v2\/tags?post=1740"}],"curies":[{"name":"wp","href":"https:\/\/api.w.org\/{rel}","templated":true}]}}