{"id":5492,"date":"2021-04-27T19:16:43","date_gmt":"2021-04-27T16:16:43","guid":{"rendered":"https:\/\/agroinfo.lt\/?post_type=product&#038;p=5492"},"modified":"2021-05-06T22:54:42","modified_gmt":"2021-05-06T19:54:42","slug":"cow-monitoring-solution-heatime-dairy-by-allflex-healthy-cows","status":"publish","type":"product","link":"https:\/\/agroinfo.lt\/en\/product\/cow-monitoring-solution-heatime-dairy-by-allflex-healthy-cows\/","title":{"rendered":"Cow monitoring solution Heatime\u00ae Pro+ by Allflex | Healthy Cows"},"content":{"rendered":"\t\t<div data-elementor-type=\"wp-post\" data-elementor-id=\"5492\" class=\"elementor elementor-5492\">\n\t\t\t\t\t\t<section class=\"elementor-section elementor-top-section elementor-element elementor-element-73564c5 elementor-section-boxed elementor-section-height-default elementor-section-height-default\" data-id=\"73564c5\" data-element_type=\"section\">\n\t\t\t\t\t\t<div class=\"elementor-container elementor-column-gap-default\">\n\t\t\t\t\t<div class=\"elementor-column elementor-col-100 elementor-top-column elementor-element elementor-element-6a706ba\" data-id=\"6a706ba\" data-element_type=\"column\">\n\t\t\t<div class=\"elementor-widget-wrap elementor-element-populated\">\n\t\t\t\t\t\t<div class=\"elementor-element elementor-element-b9a8994 elementor-widget elementor-widget-text-editor\" data-id=\"b9a8994\" data-element_type=\"widget\" data-widget_type=\"text-editor.default\">\n\t\t\t\t<div class=\"elementor-widget-container\">\n\t\t\t\t\t\t\t<p>Heatime\u00ae Pro+ is a powerful, yet easy to use, PC-based system for advanced monitoring of dairy cow herds. With its sophisticated monitoring capabilities, lifetime cow history tracking, and rich data analysis capabilities, it eliminates the guesswork and inconsistency of evaluating the reproductive, health, nutrition and wellbeing status of each and every cow.<\/p><p>It allows early and proactive action to alleviate the effects of incidents that prevent cows from achieving their genetic yield potential. With its intuitive interface, superb user experience, and mobile access support, all main day-to-day tasks, as well as advanced functions, can be easily accessed from\u00a0 anywhere, at any time.<\/p>\t\t\t\t\t\t<\/div>\n\t\t\t\t<\/div>\n\t\t\t\t<div class=\"elementor-element elementor-element-b7cf053 elementor-icon-list--layout-traditional elementor-list-item-link-full_width elementor-widget elementor-widget-icon-list\" data-id=\"b7cf053\" data-element_type=\"widget\" data-widget_type=\"icon-list.default\">\n\t\t\t\t<div class=\"elementor-widget-container\">\n\t\t\t\t\t<ul class=\"elementor-icon-list-items\">\n\t\t\t\t\t\t\t<li class=\"elementor-icon-list-item\">\n\t\t\t\t\t\t\t\t\t\t\t<span class=\"elementor-icon-list-icon\">\n\t\t\t\t\t\t\t<i aria-hidden=\"true\" class=\"fas fa-check\"><\/i>\t\t\t\t\t\t<\/span>\n\t\t\t\t\t\t\t\t\t\t<span class=\"elementor-icon-list-text\">Boost herd-wide productivity with powerful, real-time animal status monitoring.<\/span>\n\t\t\t\t\t\t\t\t\t<\/li>\n\t\t\t\t\t\t\t\t<li class=\"elementor-icon-list-item\">\n\t\t\t\t\t\t\t\t\t\t\t<span class=\"elementor-icon-list-icon\">\n\t\t\t\t\t\t\t<i aria-hidden=\"true\" class=\"fas fa-check\"><\/i>\t\t\t\t\t\t<\/span>\n\t\t\t\t\t\t\t\t\t\t<span class=\"elementor-icon-list-text\">Gain advanced cow monitoring capabilities for data-driven decision making.<\/span>\n\t\t\t\t\t\t\t\t\t<\/li>\n\t\t\t\t\t\t\t\t<li class=\"elementor-icon-list-item\">\n\t\t\t\t\t\t\t\t\t\t\t<span class=\"elementor-icon-list-icon\">\n\t\t\t\t\t\t\t<i aria-hidden=\"true\" class=\"fas fa-check\"><\/i>\t\t\t\t\t\t<\/span>\n\t\t\t\t\t\t\t\t\t\t<span class=\"elementor-icon-list-text\">Get a flexible solution that adjusts as your needs change.<\/span>\n\t\t\t\t\t\t\t\t\t<\/li>\n\t\t\t\t\t\t\t\t<li class=\"elementor-icon-list-item\">\n\t\t\t\t\t\t\t\t\t\t\t<span class=\"elementor-icon-list-icon\">\n\t\t\t\t\t\t\t<i aria-hidden=\"true\" class=\"fas fa-check\"><\/i>\t\t\t\t\t\t<\/span>\n\t\t\t\t\t\t\t\t\t\t<span class=\"elementor-icon-list-text\">Choose from ear or neck tags, with flexible application plans.<\/span>\n\t\t\t\t\t\t\t\t\t<\/li>\n\t\t\t\t\t\t<\/ul>\n\t\t\t\t<\/div>\n\t\t\t\t<\/div>\n\t\t\t\t\t<\/div>\n\t\t<\/div>\n\t\t\t\t\t<\/div>\n\t\t<\/section>\n\t\t\t\t<section class=\"elementor-section elementor-top-section elementor-element elementor-element-44ce9a5 elementor-section-boxed elementor-section-height-default elementor-section-height-default\" data-id=\"44ce9a5\" data-element_type=\"section\">\n\t\t\t\t\t\t<div class=\"elementor-container elementor-column-gap-default\">\n\t\t\t\t\t<div class=\"elementor-column elementor-col-100 elementor-top-column elementor-element elementor-element-2d9863c\" data-id=\"2d9863c\" data-element_type=\"column\">\n\t\t\t<div class=\"elementor-widget-wrap elementor-element-populated\">\n\t\t\t\t\t\t<div class=\"elementor-element elementor-element-ed49961 elementor-widget elementor-widget-video\" data-id=\"ed49961\" data-element_type=\"widget\" data-settings=\"{&quot;youtube_url&quot;:&quot;https:\\\/\\\/youtu.be\\\/J6-VBbeEJTU&quot;,&quot;video_type&quot;:&quot;youtube&quot;,&quot;controls&quot;:&quot;yes&quot;}\" data-widget_type=\"video.default\">\n\t\t\t\t<div class=\"elementor-widget-container\">\n\t\t\t\t\t<div class=\"elementor-wrapper elementor-open-inline\">\n\t\t\t<div class=\"elementor-video\"><\/div>\t\t<\/div>\n\t\t\t\t<\/div>\n\t\t\t\t<\/div>\n\t\t\t\t\t<\/div>\n\t\t<\/div>\n\t\t\t\t\t<\/div>\n\t\t<\/section>\n\t\t\t\t<section class=\"elementor-section elementor-top-section elementor-element elementor-element-bab7f81 elementor-section-boxed elementor-section-height-default elementor-section-height-default\" data-id=\"bab7f81\" data-element_type=\"section\">\n\t\t\t\t\t\t<div class=\"elementor-container elementor-column-gap-default\">\n\t\t\t\t\t<div class=\"elementor-column elementor-col-25 elementor-top-column elementor-element elementor-element-4a5540b\" data-id=\"4a5540b\" data-element_type=\"column\">\n\t\t\t<div class=\"elementor-widget-wrap elementor-element-populated\">\n\t\t\t\t\t\t<div class=\"elementor-element elementor-element-1b97596 elementor-widget elementor-widget-image\" data-id=\"1b97596\" data-element_type=\"widget\" data-widget_type=\"image.default\">\n\t\t\t\t<div class=\"elementor-widget-container\">\n\t\t\t\t\t\t\t\t\t\t\t\t\t<img fetchpriority=\"high\" decoding=\"async\" width=\"220\" height=\"270\" src=\"https:\/\/agroinfo.lt\/wp-content\/uploads\/2021\/04\/heatime-1.jpg\" class=\"attachment-large size-large wp-image-5515\" alt=\"\" \/>\t\t\t\t\t\t\t\t\t\t\t\t\t<\/div>\n\t\t\t\t<\/div>\n\t\t\t\t\t<\/div>\n\t\t<\/div>\n\t\t\t\t<div class=\"elementor-column elementor-col-25 elementor-top-column elementor-element elementor-element-88dca4f\" data-id=\"88dca4f\" data-element_type=\"column\">\n\t\t\t<div class=\"elementor-widget-wrap elementor-element-populated\">\n\t\t\t\t\t\t<div class=\"elementor-element elementor-element-f38d0ce elementor-widget elementor-widget-image\" data-id=\"f38d0ce\" data-element_type=\"widget\" data-widget_type=\"image.default\">\n\t\t\t\t<div class=\"elementor-widget-container\">\n\t\t\t\t\t\t\t\t\t\t\t\t\t<img decoding=\"async\" width=\"220\" height=\"270\" src=\"https:\/\/agroinfo.lt\/wp-content\/uploads\/2021\/04\/heatime-3.jpg\" class=\"attachment-large size-large wp-image-5523\" alt=\"\" \/>\t\t\t\t\t\t\t\t\t\t\t\t\t<\/div>\n\t\t\t\t<\/div>\n\t\t\t\t\t<\/div>\n\t\t<\/div>\n\t\t\t\t<div class=\"elementor-column elementor-col-25 elementor-top-column elementor-element elementor-element-88878a9\" data-id=\"88878a9\" data-element_type=\"column\">\n\t\t\t<div class=\"elementor-widget-wrap elementor-element-populated\">\n\t\t\t\t\t\t<div class=\"elementor-element elementor-element-4624bc7 elementor-widget elementor-widget-image\" data-id=\"4624bc7\" data-element_type=\"widget\" data-widget_type=\"image.default\">\n\t\t\t\t<div class=\"elementor-widget-container\">\n\t\t\t\t\t\t\t\t\t\t\t\t\t<img decoding=\"async\" width=\"220\" height=\"270\" src=\"https:\/\/agroinfo.lt\/wp-content\/uploads\/2021\/04\/heatime-4.jpg\" class=\"attachment-large size-large wp-image-5527\" alt=\"\" \/>\t\t\t\t\t\t\t\t\t\t\t\t\t<\/div>\n\t\t\t\t<\/div>\n\t\t\t\t\t<\/div>\n\t\t<\/div>\n\t\t\t\t<div class=\"elementor-column elementor-col-25 elementor-top-column elementor-element elementor-element-21232e4\" data-id=\"21232e4\" data-element_type=\"column\">\n\t\t\t<div class=\"elementor-widget-wrap elementor-element-populated\">\n\t\t\t\t\t\t<div class=\"elementor-element elementor-element-5e019bb elementor-widget elementor-widget-image\" data-id=\"5e019bb\" data-element_type=\"widget\" data-widget_type=\"image.default\">\n\t\t\t\t<div class=\"elementor-widget-container\">\n\t\t\t\t\t\t\t\t\t\t\t\t\t<img loading=\"lazy\" decoding=\"async\" width=\"220\" height=\"270\" src=\"https:\/\/agroinfo.lt\/wp-content\/uploads\/2021\/04\/SenseHub\u2122-Dairy-2.jpg\" class=\"attachment-large size-large wp-image-5474\" alt=\"\" \/>\t\t\t\t\t\t\t\t\t\t\t\t\t<\/div>\n\t\t\t\t<\/div>\n\t\t\t\t\t<\/div>\n\t\t<\/div>\n\t\t\t\t\t<\/div>\n\t\t<\/section>\n\t\t\t\t<\/div>\n\t\t","protected":false},"excerpt":{"rendered":"<h2>Heatime\u00ae Pro+ is the most advanced heat, health, nutrition and group monitoring solution. With its sophisticated monitoring capabilities, lifetime cow history tracking, and rich data analysis capabilities, it eliminates the guesswork and inconsistency of evaluating the reproductive, health, nutrition and wellbeing status of each and every cow.<\/h2>\n<p><img loading=\"lazy\" decoding=\"async\" class=\"size-full wp-image-3918 alignright\" src=\"https:\/\/agroinfo.lt\/wp-content\/uploads\/2021\/04\/5.jpg\" alt=\"\" width=\"213\" height=\"75\" \/><\/p>\n<h3><\/h3>\n<h3>Boost herd-wide productivity with a powerful, real-time animal monitoring solution.<\/h3>\n","protected":false},"featured_media":5499,"template":"","meta":[],"product_brand":[],"product_cat":[312,192],"product_tag":[],"class_list":{"0":"post-5492","1":"product","2":"type-product","3":"status-publish","4":"has-post-thumbnail","6":"product_cat-cow-monitoring-solutions","7":"product_cat-for-cows","9":"first","10":"instock","11":"taxable","12":"shipping-taxable","13":"product-type-simple"},"yoast_head":"<!-- This site is optimized with the Yoast SEO plugin v27.0 - https:\/\/yoast.com\/product\/yoast-seo-wordpress\/ -->\n<title>Cow monitoring solution Heatime\u00ae Pro+ by Allflex | agroinfo.lt<\/title>\n<meta name=\"description\" content=\"It allows early and proactive action to alleviate the effects of incidents that prevent cows from achieving their genetic yield potential.\" \/>\n<meta name=\"robots\" content=\"index, follow, max-snippet:-1, max-image-preview:large, max-video-preview:-1\" \/>\n<link rel=\"canonical\" href=\"https:\/\/agroinfo.lt\/en\/product\/cow-monitoring-solution-heatime-dairy-by-allflex-healthy-cows\/\" \/>\n<meta property=\"og:locale\" content=\"en_US\" \/>\n<meta property=\"og:type\" content=\"article\" \/>\n<meta property=\"og:title\" content=\"Cow monitoring solution Heatime\u00ae Pro+ by Allflex | agroinfo.lt\" \/>\n<meta property=\"og:description\" content=\"It allows early and proactive action to alleviate the effects of incidents that prevent cows from achieving their genetic yield potential.\" \/>\n<meta property=\"og:url\" content=\"https:\/\/agroinfo.lt\/en\/product\/cow-monitoring-solution-heatime-dairy-by-allflex-healthy-cows\/\" \/>\n<meta property=\"og:site_name\" content=\"Agroinfo UAB |\" \/>\n<meta property=\"article:publisher\" content=\"https:\/\/www.facebook.com\/UAB-Agroinfo-1695268507399346\" \/>\n<meta property=\"article:modified_time\" content=\"2021-05-06T19:54:42+00:00\" \/>\n<meta property=\"og:image\" content=\"https:\/\/agroinfo.lt\/wp-content\/uploads\/2021\/04\/heatime.png\" \/>\n\t<meta property=\"og:image:width\" content=\"350\" \/>\n\t<meta property=\"og:image:height\" content=\"300\" \/>\n\t<meta property=\"og:image:type\" content=\"image\/png\" \/>\n<meta name=\"twitter:card\" content=\"summary_large_image\" \/>\n<meta name=\"twitter:label1\" content=\"Est. reading time\" \/>\n\t<meta name=\"twitter:data1\" content=\"2 minutes\" \/>\n<script type=\"application\/ld+json\" class=\"yoast-schema-graph\">{\"@context\":\"https:\/\/schema.org\",\"@graph\":[{\"@type\":\"WebPage\",\"@id\":\"https:\/\/agroinfo.lt\/en\/product\/cow-monitoring-solution-heatime-dairy-by-allflex-healthy-cows\/\",\"url\":\"https:\/\/agroinfo.lt\/en\/product\/cow-monitoring-solution-heatime-dairy-by-allflex-healthy-cows\/\",\"name\":\"Cow monitoring solution Heatime\u00ae Pro+ by Allflex | agroinfo.lt\",\"isPartOf\":{\"@id\":\"https:\/\/agroinfo.lt\/en\/#website\"},\"primaryImageOfPage\":{\"@id\":\"https:\/\/agroinfo.lt\/en\/product\/cow-monitoring-solution-heatime-dairy-by-allflex-healthy-cows\/#primaryimage\"},\"image\":{\"@id\":\"https:\/\/agroinfo.lt\/en\/product\/cow-monitoring-solution-heatime-dairy-by-allflex-healthy-cows\/#primaryimage\"},\"thumbnailUrl\":\"https:\/\/agroinfo.lt\/wp-content\/uploads\/2021\/04\/heatime.png\",\"datePublished\":\"2021-04-27T16:16:43+00:00\",\"dateModified\":\"2021-05-06T19:54:42+00:00\",\"description\":\"It allows early and proactive action to alleviate the effects of incidents that prevent cows from achieving their genetic yield potential.\",\"breadcrumb\":{\"@id\":\"https:\/\/agroinfo.lt\/en\/product\/cow-monitoring-solution-heatime-dairy-by-allflex-healthy-cows\/#breadcrumb\"},\"inLanguage\":\"en-US\",\"potentialAction\":[{\"@type\":\"ReadAction\",\"target\":[\"https:\/\/agroinfo.lt\/en\/product\/cow-monitoring-solution-heatime-dairy-by-allflex-healthy-cows\/\"]}]},{\"@type\":\"ImageObject\",\"inLanguage\":\"en-US\",\"@id\":\"https:\/\/agroinfo.lt\/en\/product\/cow-monitoring-solution-heatime-dairy-by-allflex-healthy-cows\/#primaryimage\",\"url\":\"https:\/\/agroinfo.lt\/wp-content\/uploads\/2021\/04\/heatime.png\",\"contentUrl\":\"https:\/\/agroinfo.lt\/wp-content\/uploads\/2021\/04\/heatime.png\",\"width\":350,\"height\":300},{\"@type\":\"BreadcrumbList\",\"@id\":\"https:\/\/agroinfo.lt\/en\/product\/cow-monitoring-solution-heatime-dairy-by-allflex-healthy-cows\/#breadcrumb\",\"itemListElement\":[{\"@type\":\"ListItem\",\"position\":1,\"name\":\"Prad\u017eia\",\"item\":\"https:\/\/agroinfo.lt\/en\/\"},{\"@type\":\"ListItem\",\"position\":2,\"name\":\"Shop\",\"item\":\"https:\/\/agroinfo.lt\/en\/shop\/\"},{\"@type\":\"ListItem\",\"position\":3,\"name\":\"Cow monitoring solution Heatime\u00ae Pro+ by Allflex | Healthy Cows\"}]},{\"@type\":\"WebSite\",\"@id\":\"https:\/\/agroinfo.lt\/en\/#website\",\"url\":\"https:\/\/agroinfo.lt\/en\/\",\"name\":\"Agroinfo UAB |\",\"description\":\"Ferm\u0173 \u012franga | Pieno \u016bkis | D\u0117mesys karvei - sveiki ver\u0161eliai\",\"publisher\":{\"@id\":\"https:\/\/agroinfo.lt\/en\/#organization\"},\"potentialAction\":[{\"@type\":\"SearchAction\",\"target\":{\"@type\":\"EntryPoint\",\"urlTemplate\":\"https:\/\/agroinfo.lt\/en\/?s={search_term_string}\"},\"query-input\":{\"@type\":\"PropertyValueSpecification\",\"valueRequired\":true,\"valueName\":\"search_term_string\"}}],\"inLanguage\":\"en-US\"},{\"@type\":\"Organization\",\"@id\":\"https:\/\/agroinfo.lt\/en\/#organization\",\"name\":\"UAB Agroinfo\",\"url\":\"https:\/\/agroinfo.lt\/en\/\",\"logo\":{\"@type\":\"ImageObject\",\"inLanguage\":\"en-US\",\"@id\":\"https:\/\/agroinfo.lt\/en\/#\/schema\/logo\/image\/\",\"url\":\"https:\/\/agroinfo.lt\/wp-content\/uploads\/2018\/11\/cropped-Agroinfo_logo_2-1.jpg\",\"contentUrl\":\"https:\/\/agroinfo.lt\/wp-content\/uploads\/2018\/11\/cropped-Agroinfo_logo_2-1.jpg\",\"width\":792,\"height\":464,\"caption\":\"UAB Agroinfo\"},\"image\":{\"@id\":\"https:\/\/agroinfo.lt\/en\/#\/schema\/logo\/image\/\"},\"sameAs\":[\"https:\/\/www.facebook.com\/UAB-Agroinfo-1695268507399346\",\"https:\/\/www.youtube.com\/channel\/UCrndGwh3H7OsV5sCDIBBYGg\"]}]}<\/script>\n<!-- \/ Yoast SEO plugin. -->","yoast_head_json":{"title":"Cow monitoring solution Heatime\u00ae Pro+ by Allflex | agroinfo.lt","description":"It allows early and proactive action to alleviate the effects of incidents that prevent cows from achieving their genetic yield potential.","robots":{"index":"index","follow":"follow","max-snippet":"max-snippet:-1","max-image-preview":"max-image-preview:large","max-video-preview":"max-video-preview:-1"},"canonical":"https:\/\/agroinfo.lt\/en\/product\/cow-monitoring-solution-heatime-dairy-by-allflex-healthy-cows\/","og_locale":"en_US","og_type":"article","og_title":"Cow monitoring solution Heatime\u00ae Pro+ by Allflex | agroinfo.lt","og_description":"It allows early and proactive action to alleviate the effects of incidents that prevent cows from achieving their genetic yield potential.","og_url":"https:\/\/agroinfo.lt\/en\/product\/cow-monitoring-solution-heatime-dairy-by-allflex-healthy-cows\/","og_site_name":"Agroinfo UAB |","article_publisher":"https:\/\/www.facebook.com\/UAB-Agroinfo-1695268507399346","article_modified_time":"2021-05-06T19:54:42+00:00","og_image":[{"width":350,"height":300,"url":"https:\/\/agroinfo.lt\/wp-content\/uploads\/2021\/04\/heatime.png","type":"image\/png"}],"twitter_card":"summary_large_image","twitter_misc":{"Est. reading time":"2 minutes"},"schema":{"@context":"https:\/\/schema.org","@graph":[{"@type":"WebPage","@id":"https:\/\/agroinfo.lt\/en\/product\/cow-monitoring-solution-heatime-dairy-by-allflex-healthy-cows\/","url":"https:\/\/agroinfo.lt\/en\/product\/cow-monitoring-solution-heatime-dairy-by-allflex-healthy-cows\/","name":"Cow monitoring solution Heatime\u00ae Pro+ by Allflex | agroinfo.lt","isPartOf":{"@id":"https:\/\/agroinfo.lt\/en\/#website"},"primaryImageOfPage":{"@id":"https:\/\/agroinfo.lt\/en\/product\/cow-monitoring-solution-heatime-dairy-by-allflex-healthy-cows\/#primaryimage"},"image":{"@id":"https:\/\/agroinfo.lt\/en\/product\/cow-monitoring-solution-heatime-dairy-by-allflex-healthy-cows\/#primaryimage"},"thumbnailUrl":"https:\/\/agroinfo.lt\/wp-content\/uploads\/2021\/04\/heatime.png","datePublished":"2021-04-27T16:16:43+00:00","dateModified":"2021-05-06T19:54:42+00:00","description":"It allows early and proactive action to alleviate the effects of incidents that prevent cows from achieving their genetic yield potential.","breadcrumb":{"@id":"https:\/\/agroinfo.lt\/en\/product\/cow-monitoring-solution-heatime-dairy-by-allflex-healthy-cows\/#breadcrumb"},"inLanguage":"en-US","potentialAction":[{"@type":"ReadAction","target":["https:\/\/agroinfo.lt\/en\/product\/cow-monitoring-solution-heatime-dairy-by-allflex-healthy-cows\/"]}]},{"@type":"ImageObject","inLanguage":"en-US","@id":"https:\/\/agroinfo.lt\/en\/product\/cow-monitoring-solution-heatime-dairy-by-allflex-healthy-cows\/#primaryimage","url":"https:\/\/agroinfo.lt\/wp-content\/uploads\/2021\/04\/heatime.png","contentUrl":"https:\/\/agroinfo.lt\/wp-content\/uploads\/2021\/04\/heatime.png","width":350,"height":300},{"@type":"BreadcrumbList","@id":"https:\/\/agroinfo.lt\/en\/product\/cow-monitoring-solution-heatime-dairy-by-allflex-healthy-cows\/#breadcrumb","itemListElement":[{"@type":"ListItem","position":1,"name":"Prad\u017eia","item":"https:\/\/agroinfo.lt\/en\/"},{"@type":"ListItem","position":2,"name":"Shop","item":"https:\/\/agroinfo.lt\/en\/shop\/"},{"@type":"ListItem","position":3,"name":"Cow monitoring solution Heatime\u00ae Pro+ by Allflex | Healthy Cows"}]},{"@type":"WebSite","@id":"https:\/\/agroinfo.lt\/en\/#website","url":"https:\/\/agroinfo.lt\/en\/","name":"Agroinfo UAB |","description":"Ferm\u0173 \u012franga | Pieno \u016bkis | D\u0117mesys karvei - sveiki ver\u0161eliai","publisher":{"@id":"https:\/\/agroinfo.lt\/en\/#organization"},"potentialAction":[{"@type":"SearchAction","target":{"@type":"EntryPoint","urlTemplate":"https:\/\/agroinfo.lt\/en\/?s={search_term_string}"},"query-input":{"@type":"PropertyValueSpecification","valueRequired":true,"valueName":"search_term_string"}}],"inLanguage":"en-US"},{"@type":"Organization","@id":"https:\/\/agroinfo.lt\/en\/#organization","name":"UAB Agroinfo","url":"https:\/\/agroinfo.lt\/en\/","logo":{"@type":"ImageObject","inLanguage":"en-US","@id":"https:\/\/agroinfo.lt\/en\/#\/schema\/logo\/image\/","url":"https:\/\/agroinfo.lt\/wp-content\/uploads\/2018\/11\/cropped-Agroinfo_logo_2-1.jpg","contentUrl":"https:\/\/agroinfo.lt\/wp-content\/uploads\/2018\/11\/cropped-Agroinfo_logo_2-1.jpg","width":792,"height":464,"caption":"UAB Agroinfo"},"image":{"@id":"https:\/\/agroinfo.lt\/en\/#\/schema\/logo\/image\/"},"sameAs":["https:\/\/www.facebook.com\/UAB-Agroinfo-1695268507399346","https:\/\/www.youtube.com\/channel\/UCrndGwh3H7OsV5sCDIBBYGg"]}]}},"_links":{"self":[{"href":"https:\/\/agroinfo.lt\/en\/wp-json\/wp\/v2\/product\/5492","targetHints":{"allow":["GET"]}}],"collection":[{"href":"https:\/\/agroinfo.lt\/en\/wp-json\/wp\/v2\/product"}],"about":[{"href":"https:\/\/agroinfo.lt\/en\/wp-json\/wp\/v2\/types\/product"}],"version-history":[{"count":0,"href":"https:\/\/agroinfo.lt\/en\/wp-json\/wp\/v2\/product\/5492\/revisions"}],"wp:featuredmedia":[{"embeddable":true,"href":"https:\/\/agroinfo.lt\/en\/wp-json\/wp\/v2\/media\/5499"}],"wp:attachment":[{"href":"https:\/\/agroinfo.lt\/en\/wp-json\/wp\/v2\/media?parent=5492"}],"wp:term":[{"taxonomy":"product_brand","embeddable":true,"href":"https:\/\/agroinfo.lt\/en\/wp-json\/wp\/v2\/product_brand?post=5492"},{"taxonomy":"product_cat","embeddable":true,"href":"https:\/\/agroinfo.lt\/en\/wp-json\/wp\/v2\/product_cat?post=5492"},{"taxonomy":"product_tag","embeddable":true,"href":"https:\/\/agroinfo.lt\/en\/wp-json\/wp\/v2\/product_tag?post=5492"}],"curies":[{"name":"wp","href":"https:\/\/api.w.org\/{rel}","templated":true}]}}