{"id":12460,"date":"2021-06-09T13:04:32","date_gmt":"2021-06-09T10:04:32","guid":{"rendered":"https:\/\/agroinfo.lt\/?post_type=product&#038;p=12460"},"modified":"2021-06-29T12:23:35","modified_gmt":"2021-06-29T09:23:35","slug":"calfbuggy-holm-laue-calf-rising","status":"publish","type":"product","link":"https:\/\/agroinfo.lt\/en\/product\/calfbuggy-holm-laue-calf-rising\/","title":{"rendered":"CalfBuggy Holm &#038; Laue | Calf rising"},"content":{"rendered":"\t\t<div data-elementor-type=\"wp-post\" data-elementor-id=\"12460\" class=\"elementor elementor-12460\">\n\t\t\t\t\t\t<section class=\"elementor-section elementor-top-section elementor-element elementor-element-381d005 elementor-section-boxed elementor-section-height-default elementor-section-height-default\" data-id=\"381d005\" data-element_type=\"section\">\n\t\t\t\t\t\t<div class=\"elementor-container elementor-column-gap-default\">\n\t\t\t\t\t<div class=\"elementor-column elementor-col-100 elementor-top-column elementor-element elementor-element-3958731\" data-id=\"3958731\" data-element_type=\"column\">\n\t\t\t<div class=\"elementor-widget-wrap elementor-element-populated\">\n\t\t\t\t\t\t<div class=\"elementor-element elementor-element-b9a8994 elementor-widget elementor-widget-text-editor\" data-id=\"b9a8994\" data-element_type=\"widget\" data-widget_type=\"text-editor.default\">\n\t\t\t\t<div class=\"elementor-widget-container\">\n\t\t\t\t\t\t\t<div class=\"vip_content\">\u00a0<\/div><div class=\"acc\"><div class=\"reiter\"><div class=\"icon_text col-5-6\"><div class=\"row\"><div class=\"col-2-4\"><p><img decoding=\"async\" class=\"size-full wp-image-11349 alignleft\" src=\"https:\/\/agroinfo.lt\/wp-content\/uploads\/2021\/05\/ice_screenshot_20210517-114614-e1622451798111.png\" alt=\"\" width=\"25\" height=\"22\" \/>But with the CalfBuggy, you can move your calves easily and conveniently, even for longer distances, without worrying about safety risks or hazards. This calf buggy can be lowered to floor level with ease, so that one person can move the calf into it without any problem. \u2028To lower the buggy to the floor level, simply unlock the turn lock. Since the cage has swinging gates at the front and the back, the calf can conveniently be moved in facing forward and then led out through the rear gate.<\/p><p><img decoding=\"async\" class=\"size-full wp-image-11349 alignleft\" src=\"https:\/\/agroinfo.lt\/wp-content\/uploads\/2021\/05\/ice_screenshot_20210517-114614-e1622451798111.png\" alt=\"\" width=\"25\" height=\"22\" \/>After leading the calf into the cage, simply press the handle down to the point where the turn lock snaps into place and the wheels are in transport position. \u2028The plastic grating on the bottom of the CalfBuggy makes sure the calf remains stable while standing and also makes it easy to clean. \u2028<\/p><p><img decoding=\"async\" class=\"size-full wp-image-11349 alignleft\" src=\"https:\/\/agroinfo.lt\/wp-content\/uploads\/2021\/05\/ice_screenshot_20210517-114614-e1622451798111.png\" alt=\"\" width=\"25\" height=\"22\" \/>Thanks to the buggy\u2019s large wheels, rough and uneven terrain, mud and snow are not a problem. They also ensure optimum weight distribution, making it a breeze to push the buggy.<\/p><p>\u2028<img decoding=\"async\" class=\"size-full wp-image-11349 alignleft\" src=\"https:\/\/agroinfo.lt\/wp-content\/uploads\/2021\/05\/ice_screenshot_20210517-114614-e1622451798111.png\" alt=\"\" width=\"25\" height=\"22\" \/>A head lock at the front of the CalfBuggy keeps the calf calm, safe and securely in place, for example to provide medical treatment. \u2028The CalfBuggy is also ideal for transporting other items as well, such as feed, straw or tools.<\/p><\/div><\/div><\/div><\/div><\/div>\t\t\t\t\t\t<\/div>\n\t\t\t\t<\/div>\n\t\t\t\t\t<\/div>\n\t\t<\/div>\n\t\t\t\t\t<\/div>\n\t\t<\/section>\n\t\t\t\t<section class=\"elementor-section elementor-top-section elementor-element elementor-element-c78d0ae elementor-section-boxed elementor-section-height-default elementor-section-height-default\" data-id=\"c78d0ae\" data-element_type=\"section\">\n\t\t\t\t\t\t<div class=\"elementor-container elementor-column-gap-default\">\n\t\t\t\t\t<div class=\"elementor-column elementor-col-100 elementor-top-column elementor-element elementor-element-fcb211f\" data-id=\"fcb211f\" data-element_type=\"column\">\n\t\t\t<div class=\"elementor-widget-wrap elementor-element-populated\">\n\t\t\t\t\t\t<div class=\"elementor-element elementor-element-41fcbe3 gallery-spacing-custom elementor-widget elementor-widget-image-gallery\" data-id=\"41fcbe3\" data-element_type=\"widget\" data-widget_type=\"image-gallery.default\">\n\t\t\t\t<div class=\"elementor-widget-container\">\n\t\t\t\t\t<div class=\"elementor-image-gallery\">\n\t\t\t<div id='gallery-1' class='gallery galleryid-12460 gallery-columns-4 gallery-size-medium'><figure class='gallery-item'>\n\t\t\t<div class='gallery-icon landscape'>\n\t\t\t\t<a data-elementor-open-lightbox=\"yes\" data-elementor-lightbox-slideshow=\"41fcbe3\" data-elementor-lightbox-title=\"CalfBuggy (4)\" data-e-action-hash=\"#elementor-action%3Aaction%3Dlightbox%26settings%3DeyJpZCI6MTI0NzEsInVybCI6Imh0dHBzOlwvXC9hZ3JvaW5mby5sdFwvd3AtY29udGVudFwvdXBsb2Fkc1wvMjAyMVwvMDZcL0NhbGZCdWdneS00LXNjYWxlZC1lMTYyMzIzMzc3MzQ3My5qcGciLCJzbGlkZXNob3ciOiI0MWZjYmUzIn0%3D\" href='https:\/\/agroinfo.lt\/wp-content\/uploads\/2021\/06\/CalfBuggy-4-scaled-e1623233773473.jpg'><img fetchpriority=\"high\" decoding=\"async\" width=\"800\" height=\"533\" src=\"https:\/\/agroinfo.lt\/wp-content\/uploads\/2021\/06\/CalfBuggy-4-scaled-e1623233773473.jpg\" class=\"attachment-medium size-medium\" alt=\"\" srcset=\"https:\/\/agroinfo.lt\/wp-content\/uploads\/2021\/06\/CalfBuggy-4-scaled-e1623233773473.jpg 800w, https:\/\/agroinfo.lt\/wp-content\/uploads\/2021\/06\/CalfBuggy-4-scaled-e1623233773473-450x300.jpg 450w\" sizes=\"(max-width: 800px) 100vw, 800px\" \/><\/a>\n\t\t\t<\/div><\/figure><figure class='gallery-item'>\n\t\t\t<div class='gallery-icon landscape'>\n\t\t\t\t<a data-elementor-open-lightbox=\"yes\" data-elementor-lightbox-slideshow=\"41fcbe3\" data-elementor-lightbox-title=\"CalfBuggy (10)\" data-e-action-hash=\"#elementor-action%3Aaction%3Dlightbox%26settings%3DeyJpZCI6MTI0OTEsInVybCI6Imh0dHBzOlwvXC9hZ3JvaW5mby5sdFwvd3AtY29udGVudFwvdXBsb2Fkc1wvMjAyMVwvMDZcL0NhbGZCdWdneS0xMC1zY2FsZWQtZTE2MjMyMzM4NTUxMzIuanBnIiwic2xpZGVzaG93IjoiNDFmY2JlMyJ9\" href='https:\/\/agroinfo.lt\/wp-content\/uploads\/2021\/06\/CalfBuggy-10-scaled-e1623233855132.jpg'><img decoding=\"async\" width=\"800\" height=\"533\" src=\"https:\/\/agroinfo.lt\/wp-content\/uploads\/2021\/06\/CalfBuggy-10-scaled-e1623233855132.jpg\" class=\"attachment-medium size-medium\" alt=\"\" srcset=\"https:\/\/agroinfo.lt\/wp-content\/uploads\/2021\/06\/CalfBuggy-10-scaled-e1623233855132.jpg 800w, https:\/\/agroinfo.lt\/wp-content\/uploads\/2021\/06\/CalfBuggy-10-scaled-e1623233855132-450x300.jpg 450w\" sizes=\"(max-width: 800px) 100vw, 800px\" \/><\/a>\n\t\t\t<\/div><\/figure><figure class='gallery-item'>\n\t\t\t<div class='gallery-icon landscape'>\n\t\t\t\t<a data-elementor-open-lightbox=\"yes\" data-elementor-lightbox-slideshow=\"41fcbe3\" data-elementor-lightbox-title=\"CalfBuggy (11)\" data-e-action-hash=\"#elementor-action%3Aaction%3Dlightbox%26settings%3DeyJpZCI6MTI0ODcsInVybCI6Imh0dHBzOlwvXC9hZ3JvaW5mby5sdFwvd3AtY29udGVudFwvdXBsb2Fkc1wvMjAyMVwvMDZcL0NhbGZCdWdneS0xMS1zY2FsZWQtZTE2MjMyMzQ0OTQ3NTkuanBnIiwic2xpZGVzaG93IjoiNDFmY2JlMyJ9\" href='https:\/\/agroinfo.lt\/wp-content\/uploads\/2021\/06\/CalfBuggy-11-scaled-e1623234494759.jpg'><img loading=\"lazy\" decoding=\"async\" width=\"800\" height=\"534\" src=\"https:\/\/agroinfo.lt\/wp-content\/uploads\/2021\/06\/CalfBuggy-11-scaled-e1623234494759.jpg\" class=\"attachment-medium size-medium\" alt=\"\" srcset=\"https:\/\/agroinfo.lt\/wp-content\/uploads\/2021\/06\/CalfBuggy-11-scaled-e1623234494759.jpg 800w, https:\/\/agroinfo.lt\/wp-content\/uploads\/2021\/06\/CalfBuggy-11-scaled-e1623234494759-450x300.jpg 450w\" sizes=\"(max-width: 800px) 100vw, 800px\" \/><\/a>\n\t\t\t<\/div><\/figure><figure class='gallery-item'>\n\t\t\t<div class='gallery-icon landscape'>\n\t\t\t\t<a data-elementor-open-lightbox=\"yes\" data-elementor-lightbox-slideshow=\"41fcbe3\" data-elementor-lightbox-title=\"CalfBuggy (7)\" data-e-action-hash=\"#elementor-action%3Aaction%3Dlightbox%26settings%3DeyJpZCI6MTI0OTUsInVybCI6Imh0dHBzOlwvXC9hZ3JvaW5mby5sdFwvd3AtY29udGVudFwvdXBsb2Fkc1wvMjAyMVwvMDZcL0NhbGZCdWdneS03LXNjYWxlZC1lMTYyMzIzNDU1MTU4OC5qcGciLCJzbGlkZXNob3ciOiI0MWZjYmUzIn0%3D\" href='https:\/\/agroinfo.lt\/wp-content\/uploads\/2021\/06\/CalfBuggy-7-scaled-e1623234551588.jpg'><img loading=\"lazy\" decoding=\"async\" width=\"800\" height=\"534\" src=\"https:\/\/agroinfo.lt\/wp-content\/uploads\/2021\/06\/CalfBuggy-7-scaled-e1623234551588.jpg\" class=\"attachment-medium size-medium\" alt=\"\" srcset=\"https:\/\/agroinfo.lt\/wp-content\/uploads\/2021\/06\/CalfBuggy-7-scaled-e1623234551588.jpg 800w, https:\/\/agroinfo.lt\/wp-content\/uploads\/2021\/06\/CalfBuggy-7-scaled-e1623234551588-450x300.jpg 450w\" sizes=\"(max-width: 800px) 100vw, 800px\" \/><\/a>\n\t\t\t<\/div><\/figure><figure class='gallery-item'>\n\t\t\t<div class='gallery-icon landscape'>\n\t\t\t\t<a data-elementor-open-lightbox=\"yes\" data-elementor-lightbox-slideshow=\"41fcbe3\" data-elementor-lightbox-title=\"calfbuggy1\" data-e-action-hash=\"#elementor-action%3Aaction%3Dlightbox%26settings%3DeyJpZCI6MTI1MDcsInVybCI6Imh0dHBzOlwvXC9hZ3JvaW5mby5sdFwvd3AtY29udGVudFwvdXBsb2Fkc1wvMjAyMVwvMDZcL2NhbGZidWdneTEtZTE2MjMyMzM5Mjc5MzMuanBnIiwic2xpZGVzaG93IjoiNDFmY2JlMyJ9\" href='https:\/\/agroinfo.lt\/wp-content\/uploads\/2021\/06\/calfbuggy1-e1623233927933.jpg'><img loading=\"lazy\" decoding=\"async\" width=\"800\" height=\"533\" src=\"https:\/\/agroinfo.lt\/wp-content\/uploads\/2021\/06\/calfbuggy1-e1623233927933.jpg\" class=\"attachment-medium size-medium\" alt=\"\" srcset=\"https:\/\/agroinfo.lt\/wp-content\/uploads\/2021\/06\/calfbuggy1-e1623233927933.jpg 800w, https:\/\/agroinfo.lt\/wp-content\/uploads\/2021\/06\/calfbuggy1-e1623233927933-450x300.jpg 450w\" sizes=\"(max-width: 800px) 100vw, 800px\" \/><\/a>\n\t\t\t<\/div><\/figure><figure class='gallery-item'>\n\t\t\t<div class='gallery-icon landscape'>\n\t\t\t\t<a data-elementor-open-lightbox=\"yes\" data-elementor-lightbox-slideshow=\"41fcbe3\" data-elementor-lightbox-title=\"CalfBuggy (20)\" data-e-action-hash=\"#elementor-action%3Aaction%3Dlightbox%26settings%3DeyJpZCI6MTI0NzksInVybCI6Imh0dHBzOlwvXC9hZ3JvaW5mby5sdFwvd3AtY29udGVudFwvdXBsb2Fkc1wvMjAyMVwvMDZcL0NhbGZCdWdneS0yMC1zY2FsZWQtZTE2MjMyMzM4MDMzMDEuanBnIiwic2xpZGVzaG93IjoiNDFmY2JlMyJ9\" href='https:\/\/agroinfo.lt\/wp-content\/uploads\/2021\/06\/CalfBuggy-20-scaled-e1623233803301.jpg'><img loading=\"lazy\" decoding=\"async\" width=\"800\" height=\"533\" src=\"https:\/\/agroinfo.lt\/wp-content\/uploads\/2021\/06\/CalfBuggy-20-scaled-e1623233803301.jpg\" class=\"attachment-medium size-medium\" alt=\"\" srcset=\"https:\/\/agroinfo.lt\/wp-content\/uploads\/2021\/06\/CalfBuggy-20-scaled-e1623233803301.jpg 800w, https:\/\/agroinfo.lt\/wp-content\/uploads\/2021\/06\/CalfBuggy-20-scaled-e1623233803301-450x300.jpg 450w\" sizes=\"(max-width: 800px) 100vw, 800px\" \/><\/a>\n\t\t\t<\/div><\/figure><figure class='gallery-item'>\n\t\t\t<div class='gallery-icon landscape'>\n\t\t\t\t<a data-elementor-open-lightbox=\"yes\" data-elementor-lightbox-slideshow=\"41fcbe3\" data-elementor-lightbox-title=\"CalfBuggy (5)\" data-e-action-hash=\"#elementor-action%3Aaction%3Dlightbox%26settings%3DeyJpZCI6MTI0NzUsInVybCI6Imh0dHBzOlwvXC9hZ3JvaW5mby5sdFwvd3AtY29udGVudFwvdXBsb2Fkc1wvMjAyMVwvMDZcL0NhbGZCdWdneS01LXNjYWxlZC1lMTYyMzIzMzc4OTIwNS5qcGciLCJzbGlkZXNob3ciOiI0MWZjYmUzIn0%3D\" href='https:\/\/agroinfo.lt\/wp-content\/uploads\/2021\/06\/CalfBuggy-5-scaled-e1623233789205.jpg'><img loading=\"lazy\" decoding=\"async\" width=\"800\" height=\"533\" src=\"https:\/\/agroinfo.lt\/wp-content\/uploads\/2021\/06\/CalfBuggy-5-scaled-e1623233789205.jpg\" class=\"attachment-medium size-medium\" alt=\"\" srcset=\"https:\/\/agroinfo.lt\/wp-content\/uploads\/2021\/06\/CalfBuggy-5-scaled-e1623233789205.jpg 800w, https:\/\/agroinfo.lt\/wp-content\/uploads\/2021\/06\/CalfBuggy-5-scaled-e1623233789205-450x300.jpg 450w\" sizes=\"(max-width: 800px) 100vw, 800px\" \/><\/a>\n\t\t\t<\/div><\/figure><figure class='gallery-item'>\n\t\t\t<div class='gallery-icon landscape'>\n\t\t\t\t<a data-elementor-open-lightbox=\"yes\" data-elementor-lightbox-slideshow=\"41fcbe3\" data-elementor-lightbox-title=\"CalfBuggy (2)\" data-e-action-hash=\"#elementor-action%3Aaction%3Dlightbox%26settings%3DeyJpZCI6MTI0NjcsInVybCI6Imh0dHBzOlwvXC9hZ3JvaW5mby5sdFwvd3AtY29udGVudFwvdXBsb2Fkc1wvMjAyMVwvMDZcL0NhbGZCdWdneS0yLXNjYWxlZC1lMTYyMzIzMzc1Mjc1Ny5qcGciLCJzbGlkZXNob3ciOiI0MWZjYmUzIn0%3D\" href='https:\/\/agroinfo.lt\/wp-content\/uploads\/2021\/06\/CalfBuggy-2-scaled-e1623233752757.jpg'><img loading=\"lazy\" decoding=\"async\" width=\"800\" height=\"533\" src=\"https:\/\/agroinfo.lt\/wp-content\/uploads\/2021\/06\/CalfBuggy-2-scaled-e1623233752757.jpg\" class=\"attachment-medium size-medium\" alt=\"\" srcset=\"https:\/\/agroinfo.lt\/wp-content\/uploads\/2021\/06\/CalfBuggy-2-scaled-e1623233752757.jpg 800w, https:\/\/agroinfo.lt\/wp-content\/uploads\/2021\/06\/CalfBuggy-2-scaled-e1623233752757-450x300.jpg 450w\" sizes=\"(max-width: 800px) 100vw, 800px\" \/><\/a>\n\t\t\t<\/div><\/figure><figure class='gallery-item'>\n\t\t\t<div class='gallery-icon landscape'>\n\t\t\t\t<a data-elementor-open-lightbox=\"yes\" data-elementor-lightbox-slideshow=\"41fcbe3\" data-elementor-lightbox-title=\"CalfBuggy (13)\" data-e-action-hash=\"#elementor-action%3Aaction%3Dlightbox%26settings%3DeyJpZCI6MTI0ODMsInVybCI6Imh0dHBzOlwvXC9hZ3JvaW5mby5sdFwvd3AtY29udGVudFwvdXBsb2Fkc1wvMjAyMVwvMDZcL0NhbGZCdWdneS0xMy1zY2FsZWQtZTE2MjMyMzM4MjU2MDIuanBnIiwic2xpZGVzaG93IjoiNDFmY2JlMyJ9\" href='https:\/\/agroinfo.lt\/wp-content\/uploads\/2021\/06\/CalfBuggy-13-scaled-e1623233825602.jpg'><img loading=\"lazy\" decoding=\"async\" width=\"800\" height=\"533\" src=\"https:\/\/agroinfo.lt\/wp-content\/uploads\/2021\/06\/CalfBuggy-13-scaled-e1623233825602.jpg\" class=\"attachment-medium size-medium\" alt=\"\" srcset=\"https:\/\/agroinfo.lt\/wp-content\/uploads\/2021\/06\/CalfBuggy-13-scaled-e1623233825602.jpg 800w, https:\/\/agroinfo.lt\/wp-content\/uploads\/2021\/06\/CalfBuggy-13-scaled-e1623233825602-450x300.jpg 450w\" sizes=\"(max-width: 800px) 100vw, 800px\" \/><\/a>\n\t\t\t<\/div><\/figure><figure class='gallery-item'>\n\t\t\t<div class='gallery-icon landscape'>\n\t\t\t\t<a data-elementor-open-lightbox=\"yes\" data-elementor-lightbox-slideshow=\"41fcbe3\" data-elementor-lightbox-title=\"CalfBuggy (6)\" data-e-action-hash=\"#elementor-action%3Aaction%3Dlightbox%26settings%3DeyJpZCI6MTI1MDMsInVybCI6Imh0dHBzOlwvXC9hZ3JvaW5mby5sdFwvd3AtY29udGVudFwvdXBsb2Fkc1wvMjAyMVwvMDZcL0NhbGZCdWdneS02LXNjYWxlZC1lMTYyMzIzMzkxMzUyNy5qcGciLCJzbGlkZXNob3ciOiI0MWZjYmUzIn0%3D\" href='https:\/\/agroinfo.lt\/wp-content\/uploads\/2021\/06\/CalfBuggy-6-scaled-e1623233913527.jpg'><img loading=\"lazy\" decoding=\"async\" width=\"800\" height=\"533\" src=\"https:\/\/agroinfo.lt\/wp-content\/uploads\/2021\/06\/CalfBuggy-6-scaled-e1623233913527.jpg\" class=\"attachment-medium size-medium\" alt=\"\" srcset=\"https:\/\/agroinfo.lt\/wp-content\/uploads\/2021\/06\/CalfBuggy-6-scaled-e1623233913527.jpg 800w, https:\/\/agroinfo.lt\/wp-content\/uploads\/2021\/06\/CalfBuggy-6-scaled-e1623233913527-450x300.jpg 450w\" sizes=\"(max-width: 800px) 100vw, 800px\" \/><\/a>\n\t\t\t<\/div><\/figure>\n\t\t<\/div>\n\t\t<\/div>\n\t\t\t\t<\/div>\n\t\t\t\t<\/div>\n\t\t\t\t\t<\/div>\n\t\t<\/div>\n\t\t\t\t\t<\/div>\n\t\t<\/section>\n\t\t\t\t<\/div>\n\t\t","protected":false},"excerpt":{"rendered":"<h1>CalfBuggy \u2013 The Easy and Safe Way to Transport Calves<\/h1>\n<p>Moving calves on the farm is a difficult and very strenuous task, especially when you are doing it alone. Getting a harness or rope on the calf and pulling it around the farm is time-consuming and stressful for both you and the calf. In no time at all, the situation can even become dangerous, for instance when you simply don\u2019t have the strength to lift the calf into a wheelbarrow or there is risk of it falling out of it.<\/p>\n<p><strong>Gauti kainos pasi\u016blym\u0105 <a href=\"tel:+37062821289\">+370 628 21289, <\/a><a href=\"mailto:mindaugas@agroinfo.lt\">mindaugas@agroinfo.lt<\/a><\/strong><\/p>\n","protected":false},"featured_media":13211,"template":"","meta":[],"product_brand":[],"product_cat":[152],"product_tag":[],"class_list":{"0":"post-12460","1":"product","2":"type-product","3":"status-publish","4":"has-post-thumbnail","6":"product_cat-produktai-verseliams-en","8":"first","9":"instock","10":"taxable","11":"shipping-taxable","12":"product-type-simple"},"yoast_head":"<!-- This site is optimized with the Yoast SEO plugin v27.0 - https:\/\/yoast.com\/product\/yoast-seo-wordpress\/ -->\n<title>CalfBuggy Holm &amp; Laue | Calf rising - Agroinfo UAB |<\/title>\n<meta name=\"description\" content=\"CalfBuggy \u2013 The Easy and Safe Way to Transport CalvesMoving calves on the farm is a difficult and very strenuous task.\" \/>\n<meta name=\"robots\" content=\"index, follow, max-snippet:-1, max-image-preview:large, max-video-preview:-1\" \/>\n<link rel=\"canonical\" href=\"https:\/\/agroinfo.lt\/en\/product\/calfbuggy-holm-laue-calf-rising\/\" \/>\n<meta property=\"og:locale\" content=\"en_US\" \/>\n<meta property=\"og:type\" content=\"article\" \/>\n<meta property=\"og:title\" content=\"CalfBuggy Holm &amp; Laue | Calf rising - Agroinfo UAB |\" \/>\n<meta property=\"og:description\" content=\"CalfBuggy \u2013 The Easy and Safe Way to Transport CalvesMoving calves on the farm is a difficult and very strenuous task.\" \/>\n<meta property=\"og:url\" content=\"https:\/\/agroinfo.lt\/en\/product\/calfbuggy-holm-laue-calf-rising\/\" \/>\n<meta property=\"og:site_name\" content=\"Agroinfo UAB |\" \/>\n<meta property=\"article:publisher\" content=\"https:\/\/www.facebook.com\/UAB-Agroinfo-1695268507399346\" \/>\n<meta property=\"article:modified_time\" content=\"2021-06-29T09:23:35+00:00\" \/>\n<meta property=\"og:image\" content=\"https:\/\/agroinfo.lt\/wp-content\/uploads\/2021\/06\/vezimelis-verseliams.png\" \/>\n\t<meta property=\"og:image:width\" content=\"500\" \/>\n\t<meta property=\"og:image:height\" content=\"500\" \/>\n\t<meta property=\"og:image:type\" content=\"image\/png\" \/>\n<meta name=\"twitter:card\" content=\"summary_large_image\" \/>\n<meta name=\"twitter:label1\" content=\"Est. reading time\" \/>\n\t<meta name=\"twitter:data1\" content=\"4 minutes\" \/>\n<script type=\"application\/ld+json\" class=\"yoast-schema-graph\">{\"@context\":\"https:\/\/schema.org\",\"@graph\":[{\"@type\":\"WebPage\",\"@id\":\"https:\/\/agroinfo.lt\/en\/product\/calfbuggy-holm-laue-calf-rising\/\",\"url\":\"https:\/\/agroinfo.lt\/en\/product\/calfbuggy-holm-laue-calf-rising\/\",\"name\":\"CalfBuggy Holm & Laue | Calf rising - Agroinfo UAB |\",\"isPartOf\":{\"@id\":\"https:\/\/agroinfo.lt\/en\/#website\"},\"primaryImageOfPage\":{\"@id\":\"https:\/\/agroinfo.lt\/en\/product\/calfbuggy-holm-laue-calf-rising\/#primaryimage\"},\"image\":{\"@id\":\"https:\/\/agroinfo.lt\/en\/product\/calfbuggy-holm-laue-calf-rising\/#primaryimage\"},\"thumbnailUrl\":\"https:\/\/agroinfo.lt\/wp-content\/uploads\/2021\/06\/vezimelis-verseliams.png\",\"datePublished\":\"2021-06-09T10:04:32+00:00\",\"dateModified\":\"2021-06-29T09:23:35+00:00\",\"description\":\"CalfBuggy \u2013 The Easy and Safe Way to Transport CalvesMoving calves on the farm is a difficult and very strenuous task.\",\"breadcrumb\":{\"@id\":\"https:\/\/agroinfo.lt\/en\/product\/calfbuggy-holm-laue-calf-rising\/#breadcrumb\"},\"inLanguage\":\"en-US\",\"potentialAction\":[{\"@type\":\"ReadAction\",\"target\":[\"https:\/\/agroinfo.lt\/en\/product\/calfbuggy-holm-laue-calf-rising\/\"]}]},{\"@type\":\"ImageObject\",\"inLanguage\":\"en-US\",\"@id\":\"https:\/\/agroinfo.lt\/en\/product\/calfbuggy-holm-laue-calf-rising\/#primaryimage\",\"url\":\"https:\/\/agroinfo.lt\/wp-content\/uploads\/2021\/06\/vezimelis-verseliams.png\",\"contentUrl\":\"https:\/\/agroinfo.lt\/wp-content\/uploads\/2021\/06\/vezimelis-verseliams.png\",\"width\":500,\"height\":500,\"caption\":\"verseliu vezimelis, agroinfo\"},{\"@type\":\"BreadcrumbList\",\"@id\":\"https:\/\/agroinfo.lt\/en\/product\/calfbuggy-holm-laue-calf-rising\/#breadcrumb\",\"itemListElement\":[{\"@type\":\"ListItem\",\"position\":1,\"name\":\"Prad\u017eia\",\"item\":\"https:\/\/agroinfo.lt\/en\/\"},{\"@type\":\"ListItem\",\"position\":2,\"name\":\"Shop\",\"item\":\"https:\/\/agroinfo.lt\/en\/shop\/\"},{\"@type\":\"ListItem\",\"position\":3,\"name\":\"CalfBuggy Holm &#038; Laue | Calf rising\"}]},{\"@type\":\"WebSite\",\"@id\":\"https:\/\/agroinfo.lt\/en\/#website\",\"url\":\"https:\/\/agroinfo.lt\/en\/\",\"name\":\"Agroinfo UAB |\",\"description\":\"Ferm\u0173 \u012franga | Pieno \u016bkis | D\u0117mesys karvei - sveiki ver\u0161eliai\",\"publisher\":{\"@id\":\"https:\/\/agroinfo.lt\/en\/#organization\"},\"potentialAction\":[{\"@type\":\"SearchAction\",\"target\":{\"@type\":\"EntryPoint\",\"urlTemplate\":\"https:\/\/agroinfo.lt\/en\/?s={search_term_string}\"},\"query-input\":{\"@type\":\"PropertyValueSpecification\",\"valueRequired\":true,\"valueName\":\"search_term_string\"}}],\"inLanguage\":\"en-US\"},{\"@type\":\"Organization\",\"@id\":\"https:\/\/agroinfo.lt\/en\/#organization\",\"name\":\"UAB Agroinfo\",\"url\":\"https:\/\/agroinfo.lt\/en\/\",\"logo\":{\"@type\":\"ImageObject\",\"inLanguage\":\"en-US\",\"@id\":\"https:\/\/agroinfo.lt\/en\/#\/schema\/logo\/image\/\",\"url\":\"https:\/\/agroinfo.lt\/wp-content\/uploads\/2018\/11\/cropped-Agroinfo_logo_2-1.jpg\",\"contentUrl\":\"https:\/\/agroinfo.lt\/wp-content\/uploads\/2018\/11\/cropped-Agroinfo_logo_2-1.jpg\",\"width\":792,\"height\":464,\"caption\":\"UAB Agroinfo\"},\"image\":{\"@id\":\"https:\/\/agroinfo.lt\/en\/#\/schema\/logo\/image\/\"},\"sameAs\":[\"https:\/\/www.facebook.com\/UAB-Agroinfo-1695268507399346\",\"https:\/\/www.youtube.com\/channel\/UCrndGwh3H7OsV5sCDIBBYGg\"]}]}<\/script>\n<!-- \/ Yoast SEO plugin. -->","yoast_head_json":{"title":"CalfBuggy Holm & Laue | Calf rising - Agroinfo UAB |","description":"CalfBuggy \u2013 The Easy and Safe Way to Transport CalvesMoving calves on the farm is a difficult and very strenuous task.","robots":{"index":"index","follow":"follow","max-snippet":"max-snippet:-1","max-image-preview":"max-image-preview:large","max-video-preview":"max-video-preview:-1"},"canonical":"https:\/\/agroinfo.lt\/en\/product\/calfbuggy-holm-laue-calf-rising\/","og_locale":"en_US","og_type":"article","og_title":"CalfBuggy Holm & Laue | Calf rising - Agroinfo UAB |","og_description":"CalfBuggy \u2013 The Easy and Safe Way to Transport CalvesMoving calves on the farm is a difficult and very strenuous task.","og_url":"https:\/\/agroinfo.lt\/en\/product\/calfbuggy-holm-laue-calf-rising\/","og_site_name":"Agroinfo UAB |","article_publisher":"https:\/\/www.facebook.com\/UAB-Agroinfo-1695268507399346","article_modified_time":"2021-06-29T09:23:35+00:00","og_image":[{"width":500,"height":500,"url":"https:\/\/agroinfo.lt\/wp-content\/uploads\/2021\/06\/vezimelis-verseliams.png","type":"image\/png"}],"twitter_card":"summary_large_image","twitter_misc":{"Est. reading time":"4 minutes"},"schema":{"@context":"https:\/\/schema.org","@graph":[{"@type":"WebPage","@id":"https:\/\/agroinfo.lt\/en\/product\/calfbuggy-holm-laue-calf-rising\/","url":"https:\/\/agroinfo.lt\/en\/product\/calfbuggy-holm-laue-calf-rising\/","name":"CalfBuggy Holm & Laue | Calf rising - Agroinfo UAB |","isPartOf":{"@id":"https:\/\/agroinfo.lt\/en\/#website"},"primaryImageOfPage":{"@id":"https:\/\/agroinfo.lt\/en\/product\/calfbuggy-holm-laue-calf-rising\/#primaryimage"},"image":{"@id":"https:\/\/agroinfo.lt\/en\/product\/calfbuggy-holm-laue-calf-rising\/#primaryimage"},"thumbnailUrl":"https:\/\/agroinfo.lt\/wp-content\/uploads\/2021\/06\/vezimelis-verseliams.png","datePublished":"2021-06-09T10:04:32+00:00","dateModified":"2021-06-29T09:23:35+00:00","description":"CalfBuggy \u2013 The Easy and Safe Way to Transport CalvesMoving calves on the farm is a difficult and very strenuous task.","breadcrumb":{"@id":"https:\/\/agroinfo.lt\/en\/product\/calfbuggy-holm-laue-calf-rising\/#breadcrumb"},"inLanguage":"en-US","potentialAction":[{"@type":"ReadAction","target":["https:\/\/agroinfo.lt\/en\/product\/calfbuggy-holm-laue-calf-rising\/"]}]},{"@type":"ImageObject","inLanguage":"en-US","@id":"https:\/\/agroinfo.lt\/en\/product\/calfbuggy-holm-laue-calf-rising\/#primaryimage","url":"https:\/\/agroinfo.lt\/wp-content\/uploads\/2021\/06\/vezimelis-verseliams.png","contentUrl":"https:\/\/agroinfo.lt\/wp-content\/uploads\/2021\/06\/vezimelis-verseliams.png","width":500,"height":500,"caption":"verseliu vezimelis, agroinfo"},{"@type":"BreadcrumbList","@id":"https:\/\/agroinfo.lt\/en\/product\/calfbuggy-holm-laue-calf-rising\/#breadcrumb","itemListElement":[{"@type":"ListItem","position":1,"name":"Prad\u017eia","item":"https:\/\/agroinfo.lt\/en\/"},{"@type":"ListItem","position":2,"name":"Shop","item":"https:\/\/agroinfo.lt\/en\/shop\/"},{"@type":"ListItem","position":3,"name":"CalfBuggy Holm &#038; Laue | Calf rising"}]},{"@type":"WebSite","@id":"https:\/\/agroinfo.lt\/en\/#website","url":"https:\/\/agroinfo.lt\/en\/","name":"Agroinfo UAB |","description":"Ferm\u0173 \u012franga | Pieno \u016bkis | D\u0117mesys karvei - sveiki ver\u0161eliai","publisher":{"@id":"https:\/\/agroinfo.lt\/en\/#organization"},"potentialAction":[{"@type":"SearchAction","target":{"@type":"EntryPoint","urlTemplate":"https:\/\/agroinfo.lt\/en\/?s={search_term_string}"},"query-input":{"@type":"PropertyValueSpecification","valueRequired":true,"valueName":"search_term_string"}}],"inLanguage":"en-US"},{"@type":"Organization","@id":"https:\/\/agroinfo.lt\/en\/#organization","name":"UAB Agroinfo","url":"https:\/\/agroinfo.lt\/en\/","logo":{"@type":"ImageObject","inLanguage":"en-US","@id":"https:\/\/agroinfo.lt\/en\/#\/schema\/logo\/image\/","url":"https:\/\/agroinfo.lt\/wp-content\/uploads\/2018\/11\/cropped-Agroinfo_logo_2-1.jpg","contentUrl":"https:\/\/agroinfo.lt\/wp-content\/uploads\/2018\/11\/cropped-Agroinfo_logo_2-1.jpg","width":792,"height":464,"caption":"UAB Agroinfo"},"image":{"@id":"https:\/\/agroinfo.lt\/en\/#\/schema\/logo\/image\/"},"sameAs":["https:\/\/www.facebook.com\/UAB-Agroinfo-1695268507399346","https:\/\/www.youtube.com\/channel\/UCrndGwh3H7OsV5sCDIBBYGg"]}]}},"_links":{"self":[{"href":"https:\/\/agroinfo.lt\/en\/wp-json\/wp\/v2\/product\/12460","targetHints":{"allow":["GET"]}}],"collection":[{"href":"https:\/\/agroinfo.lt\/en\/wp-json\/wp\/v2\/product"}],"about":[{"href":"https:\/\/agroinfo.lt\/en\/wp-json\/wp\/v2\/types\/product"}],"version-history":[{"count":0,"href":"https:\/\/agroinfo.lt\/en\/wp-json\/wp\/v2\/product\/12460\/revisions"}],"wp:featuredmedia":[{"embeddable":true,"href":"https:\/\/agroinfo.lt\/en\/wp-json\/wp\/v2\/media\/13211"}],"wp:attachment":[{"href":"https:\/\/agroinfo.lt\/en\/wp-json\/wp\/v2\/media?parent=12460"}],"wp:term":[{"taxonomy":"product_brand","embeddable":true,"href":"https:\/\/agroinfo.lt\/en\/wp-json\/wp\/v2\/product_brand?post=12460"},{"taxonomy":"product_cat","embeddable":true,"href":"https:\/\/agroinfo.lt\/en\/wp-json\/wp\/v2\/product_cat?post=12460"},{"taxonomy":"product_tag","embeddable":true,"href":"https:\/\/agroinfo.lt\/en\/wp-json\/wp\/v2\/product_tag?post=12460"}],"curies":[{"name":"wp","href":"https:\/\/api.w.org\/{rel}","templated":true}]}}