{"id":12234,"date":"2021-06-01T15:32:38","date_gmt":"2021-06-01T12:32:38","guid":{"rendered":"https:\/\/agroinfo.lt\/?post_type=product&#038;p=12234"},"modified":"2021-06-03T14:35:16","modified_gmt":"2021-06-03T11:35:16","slug":"teat-foaming-with-easifoamer-healthy-cows","status":"publish","type":"product","link":"https:\/\/agroinfo.lt\/en\/product\/teat-foaming-with-easifoamer-healthy-cows\/","title":{"rendered":"Teat Foaming with EasiFoamer\u2122 | Healthy cows"},"content":{"rendered":"\t\t<div data-elementor-type=\"wp-post\" data-elementor-id=\"12234\" class=\"elementor elementor-12234\">\n\t\t\t\t\t\t<section class=\"elementor-section elementor-top-section elementor-element elementor-element-381d005 elementor-section-boxed elementor-section-height-default elementor-section-height-default\" data-id=\"381d005\" data-element_type=\"section\">\n\t\t\t\t\t\t<div class=\"elementor-container elementor-column-gap-default\">\n\t\t\t\t\t<div class=\"elementor-column elementor-col-100 elementor-top-column elementor-element elementor-element-3958731\" data-id=\"3958731\" data-element_type=\"column\">\n\t\t\t<div class=\"elementor-widget-wrap elementor-element-populated\">\n\t\t\t\t\t\t<div class=\"elementor-element elementor-element-b9a8994 elementor-widget elementor-widget-text-editor\" data-id=\"b9a8994\" data-element_type=\"widget\" data-widget_type=\"text-editor.default\">\n\t\t\t\t<div class=\"elementor-widget-container\">\n\t\t\t\t\t\t\t<div class=\"flex_column av_one_half flex_column_div av-zero-column-padding first avia-builder-el-28 el_before_av_one_half avia-builder-el-first \"><section class=\"av_textblock_section \"><div class=\"avia_textblock \"><p><img decoding=\"async\" class=\"size-full wp-image-11349 alignleft\" src=\"https:\/\/agroinfo.lt\/wp-content\/uploads\/2021\/05\/ice_screenshot_20210517-114614-e1622451798111.png\" alt=\"\" width=\"25\" height=\"22\" \/>Handy dropper kits with specially designed lance for speed of foam application<\/p><p><img decoding=\"async\" class=\"size-full wp-image-11349 alignleft\" src=\"https:\/\/agroinfo.lt\/wp-content\/uploads\/2021\/05\/ice_screenshot_20210517-114614-e1622451798111.png\" alt=\"\" width=\"25\" height=\"22\" \/>Minimises labour \u2013 no more manual filling of foaming dip cups; no more squeezing of dip cup bottles to generate foam<\/p><p><img decoding=\"async\" class=\"size-full wp-image-11349 alignleft\" src=\"https:\/\/agroinfo.lt\/wp-content\/uploads\/2021\/05\/ice_screenshot_20210517-114614-e1622451798111.png\" alt=\"\" width=\"25\" height=\"22\" \/>Requires minimal compressed air source to operate<\/p><p><img decoding=\"async\" class=\"size-full wp-image-11349 alignleft\" src=\"https:\/\/agroinfo.lt\/wp-content\/uploads\/2021\/05\/ice_screenshot_20210517-114614-e1622451798111.png\" alt=\"\" width=\"25\" height=\"22\" \/>Includes patented system of foaming meshes to generate optimum quality foam<\/p><p><img decoding=\"async\" class=\"size-full wp-image-11349 alignleft\" src=\"https:\/\/agroinfo.lt\/wp-content\/uploads\/2021\/05\/ice_screenshot_20210517-114614-e1622451798111.png\" alt=\"\" width=\"25\" height=\"22\" \/>Applies just the right amount of chemical to the teat<\/p><p><img decoding=\"async\" class=\"size-full wp-image-11349 alignleft\" src=\"https:\/\/agroinfo.lt\/wp-content\/uploads\/2021\/05\/ice_screenshot_20210517-114614-e1622451798111.png\" alt=\"\" width=\"25\" height=\"22\" \/>Single paper towel wipe required to remove chemical before applying cups<\/p><p><img decoding=\"async\" class=\"size-full wp-image-11349 alignleft\" src=\"https:\/\/agroinfo.lt\/wp-content\/uploads\/2021\/05\/ice_screenshot_20210517-114614-e1622451798111.png\" alt=\"\" width=\"25\" height=\"22\" \/>Applicator is easy to dismantle for quick and easy cleaning<\/p><p><img decoding=\"async\" class=\"size-full wp-image-11349 alignleft\" src=\"https:\/\/agroinfo.lt\/wp-content\/uploads\/2021\/05\/ice_screenshot_20210517-114614-e1622451798111.png\" alt=\"\" width=\"25\" height=\"22\" \/>Expandable to fit the largest milking parlours<\/p><p><img decoding=\"async\" class=\"size-full wp-image-11349 alignleft\" src=\"https:\/\/agroinfo.lt\/wp-content\/uploads\/2021\/05\/ice_screenshot_20210517-114614-e1622451798111.png\" alt=\"\" width=\"25\" height=\"22\" \/>Easy to adjust chemical and airflow to achieve optimum foam quality including twin pump calibration facility for two part chemicals<\/p><p><img decoding=\"async\" class=\"size-full wp-image-11349 alignleft\" src=\"https:\/\/agroinfo.lt\/wp-content\/uploads\/2021\/05\/ice_screenshot_20210517-114614-e1622451798111.png\" alt=\"\" width=\"25\" height=\"22\" \/>Keypad operation with display screen for easy set up and adjustment<\/p><p><img decoding=\"async\" class=\"size-full wp-image-11349 alignleft\" src=\"https:\/\/agroinfo.lt\/wp-content\/uploads\/2021\/05\/ice_screenshot_20210517-114614-e1622451798111.png\" alt=\"\" width=\"25\" height=\"22\" \/>Data recording facility to monitor run time and accumulated dose consumption<\/p><p><img decoding=\"async\" class=\"size-full wp-image-11349 alignleft\" src=\"https:\/\/agroinfo.lt\/wp-content\/uploads\/2021\/05\/ice_screenshot_20210517-114614-e1622451798111.png\" alt=\"\" width=\"25\" height=\"22\" \/>Prime facility for easy start up and easy refreshing of chemical<\/p><p><img decoding=\"async\" class=\"size-full wp-image-11349 alignleft\" src=\"https:\/\/agroinfo.lt\/wp-content\/uploads\/2021\/05\/ice_screenshot_20210517-114614-e1622451798111.png\" alt=\"\" width=\"25\" height=\"22\" \/>Includes low level alarm feature to warn when chemical level is low when used with optional float switch assembly<\/p><\/div><\/section><\/div><div class=\"flex_column av_one_half flex_column_div av-zero-column-padding avia-builder-el-30 el_after_av_one_half el_before_av_hr \"><div class=\"avia-gallery avia-gallery-1 avia_lazyload avia-gallery-animate avia_animate_when_visible avia-builder-el-31 avia-builder-el-no-sibling avia_start_animation\">\u00a0<\/div><\/div>\t\t\t\t\t\t<\/div>\n\t\t\t\t<\/div>\n\t\t\t\t\t<\/div>\n\t\t<\/div>\n\t\t\t\t\t<\/div>\n\t\t<\/section>\n\t\t\t\t<\/div>\n\t\t","protected":false},"excerpt":{"rendered":"<h1>Optimum foam quality for pre-milking teat preparation<\/h1>\n<p>The EasiFoamer\u2122 fully automates the process of foam generation to provide dairy farmers with a constant supply of optimum foam quality for pre-milking teat preparation or post-milking teat sanitisation depending on the chemical type being used. The Ambic EasiFoamer\u2122 is an upgraded and enhanced version of the successful AutoFoamer\u2122.<\/p>\n<p><strong>Gauti kainos pasi\u016blym\u0105\u00a0 <a href=\"tel:+37062821289\">+370 628 21289, <\/a><a href=\"mailto:mindaugas@agroinfo.lt\">mindaugas@agroinfo.lt<\/a><\/strong><\/p>\n","protected":false},"featured_media":12236,"template":"","meta":[],"product_brand":[],"product_cat":[192],"product_tag":[],"class_list":{"0":"post-12234","1":"product","2":"type-product","3":"status-publish","4":"has-post-thumbnail","6":"product_cat-for-cows","8":"first","9":"instock","10":"taxable","11":"shipping-taxable","12":"product-type-simple"},"yoast_head":"<!-- This site is optimized with the Yoast SEO plugin v27.0 - https:\/\/yoast.com\/product\/yoast-seo-wordpress\/ -->\n<title>Teat Foaming with EasiFoamer\u2122 | Healthy cows - Agroinfo UAB |<\/title>\n<meta name=\"description\" content=\"Teat Foaming with EasiFoamer\u2122 | Healthy cows\" \/>\n<meta name=\"robots\" content=\"index, follow, max-snippet:-1, max-image-preview:large, max-video-preview:-1\" \/>\n<link rel=\"canonical\" href=\"https:\/\/agroinfo.lt\/en\/product\/teat-foaming-with-easifoamer-healthy-cows\/\" \/>\n<meta property=\"og:locale\" content=\"en_US\" \/>\n<meta property=\"og:type\" content=\"article\" \/>\n<meta property=\"og:title\" content=\"Teat Foaming with EasiFoamer\u2122 | Healthy cows - Agroinfo UAB |\" \/>\n<meta property=\"og:description\" content=\"Teat Foaming with EasiFoamer\u2122 | Healthy cows\" \/>\n<meta property=\"og:url\" content=\"https:\/\/agroinfo.lt\/en\/product\/teat-foaming-with-easifoamer-healthy-cows\/\" \/>\n<meta property=\"og:site_name\" content=\"Agroinfo UAB |\" \/>\n<meta property=\"article:publisher\" content=\"https:\/\/www.facebook.com\/UAB-Agroinfo-1695268507399346\" \/>\n<meta property=\"article:modified_time\" content=\"2021-06-03T11:35:16+00:00\" \/>\n<meta property=\"og:image\" content=\"https:\/\/agroinfo.lt\/wp-content\/uploads\/2021\/06\/EasiFoamer.jpg\" \/>\n\t<meta property=\"og:image:width\" content=\"1000\" \/>\n\t<meta property=\"og:image:height\" content=\"1000\" \/>\n\t<meta property=\"og:image:type\" content=\"image\/jpeg\" \/>\n<meta name=\"twitter:card\" content=\"summary_large_image\" \/>\n<meta name=\"twitter:label1\" content=\"Est. reading time\" \/>\n\t<meta name=\"twitter:data1\" content=\"4 minutes\" \/>\n<script type=\"application\/ld+json\" class=\"yoast-schema-graph\">{\"@context\":\"https:\/\/schema.org\",\"@graph\":[{\"@type\":\"WebPage\",\"@id\":\"https:\/\/agroinfo.lt\/en\/product\/teat-foaming-with-easifoamer-healthy-cows\/\",\"url\":\"https:\/\/agroinfo.lt\/en\/product\/teat-foaming-with-easifoamer-healthy-cows\/\",\"name\":\"Teat Foaming with EasiFoamer\u2122 | Healthy cows - Agroinfo UAB |\",\"isPartOf\":{\"@id\":\"https:\/\/agroinfo.lt\/en\/#website\"},\"primaryImageOfPage\":{\"@id\":\"https:\/\/agroinfo.lt\/en\/product\/teat-foaming-with-easifoamer-healthy-cows\/#primaryimage\"},\"image\":{\"@id\":\"https:\/\/agroinfo.lt\/en\/product\/teat-foaming-with-easifoamer-healthy-cows\/#primaryimage\"},\"thumbnailUrl\":\"https:\/\/agroinfo.lt\/wp-content\/uploads\/2021\/06\/EasiFoamer.jpg\",\"datePublished\":\"2021-06-01T12:32:38+00:00\",\"dateModified\":\"2021-06-03T11:35:16+00:00\",\"description\":\"Teat Foaming with EasiFoamer\u2122 | Healthy cows\",\"breadcrumb\":{\"@id\":\"https:\/\/agroinfo.lt\/en\/product\/teat-foaming-with-easifoamer-healthy-cows\/#breadcrumb\"},\"inLanguage\":\"en-US\",\"potentialAction\":[{\"@type\":\"ReadAction\",\"target\":[\"https:\/\/agroinfo.lt\/en\/product\/teat-foaming-with-easifoamer-healthy-cows\/\"]}]},{\"@type\":\"ImageObject\",\"inLanguage\":\"en-US\",\"@id\":\"https:\/\/agroinfo.lt\/en\/product\/teat-foaming-with-easifoamer-healthy-cows\/#primaryimage\",\"url\":\"https:\/\/agroinfo.lt\/wp-content\/uploads\/2021\/06\/EasiFoamer.jpg\",\"contentUrl\":\"https:\/\/agroinfo.lt\/wp-content\/uploads\/2021\/06\/EasiFoamer.jpg\",\"width\":1000,\"height\":1000,\"caption\":\"produktai karv\u0117ms, sveiki speniai\"},{\"@type\":\"BreadcrumbList\",\"@id\":\"https:\/\/agroinfo.lt\/en\/product\/teat-foaming-with-easifoamer-healthy-cows\/#breadcrumb\",\"itemListElement\":[{\"@type\":\"ListItem\",\"position\":1,\"name\":\"Prad\u017eia\",\"item\":\"https:\/\/agroinfo.lt\/en\/\"},{\"@type\":\"ListItem\",\"position\":2,\"name\":\"Shop\",\"item\":\"https:\/\/agroinfo.lt\/en\/shop\/\"},{\"@type\":\"ListItem\",\"position\":3,\"name\":\"Teat Foaming with EasiFoamer\u2122 | Healthy cows\"}]},{\"@type\":\"WebSite\",\"@id\":\"https:\/\/agroinfo.lt\/en\/#website\",\"url\":\"https:\/\/agroinfo.lt\/en\/\",\"name\":\"Agroinfo UAB |\",\"description\":\"Ferm\u0173 \u012franga | Pieno \u016bkis | D\u0117mesys karvei - sveiki ver\u0161eliai\",\"publisher\":{\"@id\":\"https:\/\/agroinfo.lt\/en\/#organization\"},\"potentialAction\":[{\"@type\":\"SearchAction\",\"target\":{\"@type\":\"EntryPoint\",\"urlTemplate\":\"https:\/\/agroinfo.lt\/en\/?s={search_term_string}\"},\"query-input\":{\"@type\":\"PropertyValueSpecification\",\"valueRequired\":true,\"valueName\":\"search_term_string\"}}],\"inLanguage\":\"en-US\"},{\"@type\":\"Organization\",\"@id\":\"https:\/\/agroinfo.lt\/en\/#organization\",\"name\":\"UAB Agroinfo\",\"url\":\"https:\/\/agroinfo.lt\/en\/\",\"logo\":{\"@type\":\"ImageObject\",\"inLanguage\":\"en-US\",\"@id\":\"https:\/\/agroinfo.lt\/en\/#\/schema\/logo\/image\/\",\"url\":\"https:\/\/agroinfo.lt\/wp-content\/uploads\/2018\/11\/cropped-Agroinfo_logo_2-1.jpg\",\"contentUrl\":\"https:\/\/agroinfo.lt\/wp-content\/uploads\/2018\/11\/cropped-Agroinfo_logo_2-1.jpg\",\"width\":792,\"height\":464,\"caption\":\"UAB Agroinfo\"},\"image\":{\"@id\":\"https:\/\/agroinfo.lt\/en\/#\/schema\/logo\/image\/\"},\"sameAs\":[\"https:\/\/www.facebook.com\/UAB-Agroinfo-1695268507399346\",\"https:\/\/www.youtube.com\/channel\/UCrndGwh3H7OsV5sCDIBBYGg\"]}]}<\/script>\n<!-- \/ Yoast SEO plugin. -->","yoast_head_json":{"title":"Teat Foaming with EasiFoamer\u2122 | Healthy cows - Agroinfo UAB |","description":"Teat Foaming with EasiFoamer\u2122 | Healthy cows","robots":{"index":"index","follow":"follow","max-snippet":"max-snippet:-1","max-image-preview":"max-image-preview:large","max-video-preview":"max-video-preview:-1"},"canonical":"https:\/\/agroinfo.lt\/en\/product\/teat-foaming-with-easifoamer-healthy-cows\/","og_locale":"en_US","og_type":"article","og_title":"Teat Foaming with EasiFoamer\u2122 | Healthy cows - Agroinfo UAB |","og_description":"Teat Foaming with EasiFoamer\u2122 | Healthy cows","og_url":"https:\/\/agroinfo.lt\/en\/product\/teat-foaming-with-easifoamer-healthy-cows\/","og_site_name":"Agroinfo UAB |","article_publisher":"https:\/\/www.facebook.com\/UAB-Agroinfo-1695268507399346","article_modified_time":"2021-06-03T11:35:16+00:00","og_image":[{"width":1000,"height":1000,"url":"https:\/\/agroinfo.lt\/wp-content\/uploads\/2021\/06\/EasiFoamer.jpg","type":"image\/jpeg"}],"twitter_card":"summary_large_image","twitter_misc":{"Est. reading time":"4 minutes"},"schema":{"@context":"https:\/\/schema.org","@graph":[{"@type":"WebPage","@id":"https:\/\/agroinfo.lt\/en\/product\/teat-foaming-with-easifoamer-healthy-cows\/","url":"https:\/\/agroinfo.lt\/en\/product\/teat-foaming-with-easifoamer-healthy-cows\/","name":"Teat Foaming with EasiFoamer\u2122 | Healthy cows - Agroinfo UAB |","isPartOf":{"@id":"https:\/\/agroinfo.lt\/en\/#website"},"primaryImageOfPage":{"@id":"https:\/\/agroinfo.lt\/en\/product\/teat-foaming-with-easifoamer-healthy-cows\/#primaryimage"},"image":{"@id":"https:\/\/agroinfo.lt\/en\/product\/teat-foaming-with-easifoamer-healthy-cows\/#primaryimage"},"thumbnailUrl":"https:\/\/agroinfo.lt\/wp-content\/uploads\/2021\/06\/EasiFoamer.jpg","datePublished":"2021-06-01T12:32:38+00:00","dateModified":"2021-06-03T11:35:16+00:00","description":"Teat Foaming with EasiFoamer\u2122 | Healthy cows","breadcrumb":{"@id":"https:\/\/agroinfo.lt\/en\/product\/teat-foaming-with-easifoamer-healthy-cows\/#breadcrumb"},"inLanguage":"en-US","potentialAction":[{"@type":"ReadAction","target":["https:\/\/agroinfo.lt\/en\/product\/teat-foaming-with-easifoamer-healthy-cows\/"]}]},{"@type":"ImageObject","inLanguage":"en-US","@id":"https:\/\/agroinfo.lt\/en\/product\/teat-foaming-with-easifoamer-healthy-cows\/#primaryimage","url":"https:\/\/agroinfo.lt\/wp-content\/uploads\/2021\/06\/EasiFoamer.jpg","contentUrl":"https:\/\/agroinfo.lt\/wp-content\/uploads\/2021\/06\/EasiFoamer.jpg","width":1000,"height":1000,"caption":"produktai karv\u0117ms, sveiki speniai"},{"@type":"BreadcrumbList","@id":"https:\/\/agroinfo.lt\/en\/product\/teat-foaming-with-easifoamer-healthy-cows\/#breadcrumb","itemListElement":[{"@type":"ListItem","position":1,"name":"Prad\u017eia","item":"https:\/\/agroinfo.lt\/en\/"},{"@type":"ListItem","position":2,"name":"Shop","item":"https:\/\/agroinfo.lt\/en\/shop\/"},{"@type":"ListItem","position":3,"name":"Teat Foaming with EasiFoamer\u2122 | Healthy cows"}]},{"@type":"WebSite","@id":"https:\/\/agroinfo.lt\/en\/#website","url":"https:\/\/agroinfo.lt\/en\/","name":"Agroinfo UAB |","description":"Ferm\u0173 \u012franga | Pieno \u016bkis | D\u0117mesys karvei - sveiki ver\u0161eliai","publisher":{"@id":"https:\/\/agroinfo.lt\/en\/#organization"},"potentialAction":[{"@type":"SearchAction","target":{"@type":"EntryPoint","urlTemplate":"https:\/\/agroinfo.lt\/en\/?s={search_term_string}"},"query-input":{"@type":"PropertyValueSpecification","valueRequired":true,"valueName":"search_term_string"}}],"inLanguage":"en-US"},{"@type":"Organization","@id":"https:\/\/agroinfo.lt\/en\/#organization","name":"UAB Agroinfo","url":"https:\/\/agroinfo.lt\/en\/","logo":{"@type":"ImageObject","inLanguage":"en-US","@id":"https:\/\/agroinfo.lt\/en\/#\/schema\/logo\/image\/","url":"https:\/\/agroinfo.lt\/wp-content\/uploads\/2018\/11\/cropped-Agroinfo_logo_2-1.jpg","contentUrl":"https:\/\/agroinfo.lt\/wp-content\/uploads\/2018\/11\/cropped-Agroinfo_logo_2-1.jpg","width":792,"height":464,"caption":"UAB Agroinfo"},"image":{"@id":"https:\/\/agroinfo.lt\/en\/#\/schema\/logo\/image\/"},"sameAs":["https:\/\/www.facebook.com\/UAB-Agroinfo-1695268507399346","https:\/\/www.youtube.com\/channel\/UCrndGwh3H7OsV5sCDIBBYGg"]}]}},"_links":{"self":[{"href":"https:\/\/agroinfo.lt\/en\/wp-json\/wp\/v2\/product\/12234","targetHints":{"allow":["GET"]}}],"collection":[{"href":"https:\/\/agroinfo.lt\/en\/wp-json\/wp\/v2\/product"}],"about":[{"href":"https:\/\/agroinfo.lt\/en\/wp-json\/wp\/v2\/types\/product"}],"version-history":[{"count":0,"href":"https:\/\/agroinfo.lt\/en\/wp-json\/wp\/v2\/product\/12234\/revisions"}],"wp:featuredmedia":[{"embeddable":true,"href":"https:\/\/agroinfo.lt\/en\/wp-json\/wp\/v2\/media\/12236"}],"wp:attachment":[{"href":"https:\/\/agroinfo.lt\/en\/wp-json\/wp\/v2\/media?parent=12234"}],"wp:term":[{"taxonomy":"product_brand","embeddable":true,"href":"https:\/\/agroinfo.lt\/en\/wp-json\/wp\/v2\/product_brand?post=12234"},{"taxonomy":"product_cat","embeddable":true,"href":"https:\/\/agroinfo.lt\/en\/wp-json\/wp\/v2\/product_cat?post=12234"},{"taxonomy":"product_tag","embeddable":true,"href":"https:\/\/agroinfo.lt\/en\/wp-json\/wp\/v2\/product_tag?post=12234"}],"curies":[{"name":"wp","href":"https:\/\/api.w.org\/{rel}","templated":true}]}}