{"id":12149,"date":"2021-05-28T15:56:44","date_gmt":"2021-05-28T12:56:44","guid":{"rendered":"https:\/\/agroinfo.lt\/?post_type=product&#038;p=12149"},"modified":"2021-06-16T16:13:09","modified_gmt":"2021-06-16T13:13:09","slug":"holm-laue-refractometer-calf-rising","status":"publish","type":"product","link":"https:\/\/agroinfo.lt\/en\/product\/holm-laue-refractometer-calf-rising\/","title":{"rendered":"Holm &#038; Laue Refractometer | Calf rising"},"content":{"rendered":"\t\t<div data-elementor-type=\"wp-post\" data-elementor-id=\"12149\" class=\"elementor elementor-12149\">\n\t\t\t\t\t\t<section class=\"elementor-section elementor-top-section elementor-element elementor-element-381d005 elementor-section-boxed elementor-section-height-default elementor-section-height-default\" data-id=\"381d005\" data-element_type=\"section\">\n\t\t\t\t\t\t<div class=\"elementor-container elementor-column-gap-default\">\n\t\t\t\t\t<div class=\"elementor-column elementor-col-100 elementor-top-column elementor-element elementor-element-3958731\" data-id=\"3958731\" data-element_type=\"column\">\n\t\t\t<div class=\"elementor-widget-wrap elementor-element-populated\">\n\t\t\t\t\t\t<div class=\"elementor-element elementor-element-b9a8994 elementor-widget elementor-widget-text-editor\" data-id=\"b9a8994\" data-element_type=\"widget\" data-widget_type=\"text-editor.default\">\n\t\t\t\t<div class=\"elementor-widget-container\">\n\t\t\t\t\t\t\t<p>A new, simple and pocket-sized tool will now help to assess colostrum quality and therefore lower the risk of failure of passive transfer. The H&amp;L Refractometer works by using light to determine the density of a liquid. Meaning, a sample of the examined liquid such as the colostrum or even blood serum is shined through with a beam of light. Protein in the liquids will cause the light to bend, which in turn will be measured by the refractometer. The tool defines the amount of light that is being bent and therefore estimates the concentration of immunoglobulin (IgG) in colostrum or of total solids in blood serum. The result is displayed in Brix (%Brix).<\/p>\t\t\t\t\t\t<\/div>\n\t\t\t\t<\/div>\n\t\t\t\t<div class=\"elementor-element elementor-element-6c930aa elementor-widget elementor-widget-accordion\" data-id=\"6c930aa\" data-element_type=\"widget\" data-widget_type=\"accordion.default\">\n\t\t\t\t<div class=\"elementor-widget-container\">\n\t\t\t\t\t<div class=\"elementor-accordion\">\n\t\t\t\t\t\t\t<div class=\"elementor-accordion-item\">\n\t\t\t\t\t<div id=\"elementor-tab-title-1131\" class=\"elementor-tab-title\" data-tab=\"1\" role=\"button\" aria-controls=\"elementor-tab-content-1131\" aria-expanded=\"false\">\n\t\t\t\t\t\t\t\t\t\t\t\t\t<span class=\"elementor-accordion-icon elementor-accordion-icon-left\" aria-hidden=\"true\">\n\t\t\t\t\t\t\t\t\t\t\t\t\t\t\t<span class=\"elementor-accordion-icon-closed\"><i class=\"fas fa-angle-double-down\"><\/i><\/span>\n\t\t\t\t\t\t\t\t<span class=\"elementor-accordion-icon-opened\"><i class=\"fas fa-angle-up\"><\/i><\/span>\n\t\t\t\t\t\t\t\t\t\t\t\t\t\t<\/span>\n\t\t\t\t\t\t\t\t\t\t\t\t<a class=\"elementor-accordion-title\" tabindex=\"0\">Colostrum Quality<\/a>\n\t\t\t\t\t<\/div>\n\t\t\t\t\t<div id=\"elementor-tab-content-1131\" class=\"elementor-tab-content elementor-clearfix\" data-tab=\"1\" role=\"region\" aria-labelledby=\"elementor-tab-title-1131\"><p>Preliminary research indicates that a Brix score of 22% (it is equivalent to 50 grams\/liter IgG) or higher indicates a good quality of colostrum. If you measure your colostrum sample and find it has a value below 20% it should be considered as poor quality (less than 30mg\/ml). Do not feed it to calves during the first 24 hours of life.<a name=\"_GoBack\"><\/a>Measure of quality. Milligrams of IgG in each ml of colostrum:<\/p><p><img decoding=\"async\" class=\"size-full wp-image-11349 alignleft\" src=\"https:\/\/agroinfo.lt\/wp-content\/uploads\/2021\/05\/ice_screenshot_20210517-114614-e1621241728650.png\" alt=\"\" width=\"37\" height=\"32\" \/>Very good &#8211; 60 mg per ml<\/p><p><img decoding=\"async\" class=\"size-full wp-image-11349 alignleft\" src=\"https:\/\/agroinfo.lt\/wp-content\/uploads\/2021\/05\/ice_screenshot_20210517-114614-e1621241728650.png\" alt=\"\" width=\"37\" height=\"32\" \/>Good &#8211; 50 mg per ml<\/p><p><img decoding=\"async\" class=\"size-full wp-image-11349 alignleft\" src=\"https:\/\/agroinfo.lt\/wp-content\/uploads\/2021\/05\/ice_screenshot_20210517-114614-e1621241728650.png\" alt=\"\" width=\"37\" height=\"32\" \/>Pure &#8211; 30 mg per ml<\/p><\/div>\n\t\t\t\t<\/div>\n\t\t\t\t\t\t\t\t<\/div>\n\t\t\t\t<\/div>\n\t\t\t\t<\/div>\n\t\t\t\t\t<\/div>\n\t\t<\/div>\n\t\t\t\t\t<\/div>\n\t\t<\/section>\n\t\t\t\t<section class=\"elementor-section elementor-top-section elementor-element elementor-element-26704d2 elementor-section-boxed elementor-section-height-default elementor-section-height-default\" data-id=\"26704d2\" data-element_type=\"section\">\n\t\t\t\t\t\t<div class=\"elementor-container elementor-column-gap-default\">\n\t\t\t\t\t<div class=\"elementor-column elementor-col-33 elementor-top-column elementor-element elementor-element-f1a48ba\" data-id=\"f1a48ba\" data-element_type=\"column\">\n\t\t\t<div class=\"elementor-widget-wrap elementor-element-populated\">\n\t\t\t\t\t\t<div class=\"elementor-element elementor-element-12bee19 elementor-widget elementor-widget-text-editor\" data-id=\"12bee19\" data-element_type=\"widget\" data-widget_type=\"text-editor.default\">\n\t\t\t\t<div class=\"elementor-widget-container\">\n\t\t\t\t\t\t\t<h2>Testing Colostrum<\/h2><p>Colostrum with an IgG concentration of 50 mg\/ml is defined as high quality colostrum. Such value is equivalent to a Brix score of 22% and above. Samples with a measured score below 20% are considered as poor quality and therefore should not be fed to calves within their first 24 hours of life. However, it is still valuable food for older calves.<\/p>\t\t\t\t\t\t<\/div>\n\t\t\t\t<\/div>\n\t\t\t\t\t<\/div>\n\t\t<\/div>\n\t\t\t\t<div class=\"elementor-column elementor-col-33 elementor-top-column elementor-element elementor-element-fc689a6\" data-id=\"fc689a6\" data-element_type=\"column\">\n\t\t\t<div class=\"elementor-widget-wrap elementor-element-populated\">\n\t\t\t\t\t\t<div class=\"elementor-element elementor-element-e9442b2 elementor-widget elementor-widget-text-editor\" data-id=\"e9442b2\" data-element_type=\"widget\" data-widget_type=\"text-editor.default\">\n\t\t\t\t<div class=\"elementor-widget-container\">\n\t\t\t\t\t\t\t<h2>Testing blood serum<\/h2><p>As mentioned above, the H&amp;L Refractometer does not only determine the colostrum quality but can also be used to test the blood serum. As a result, this test will determine whether the passive transfer of immunity was successful or not. If the serum contains 10 mg\/ml of IgG (7.8% Brix), the passive transfer can be seen as effective.<\/p>\t\t\t\t\t\t<\/div>\n\t\t\t\t<\/div>\n\t\t\t\t\t<\/div>\n\t\t<\/div>\n\t\t\t\t<div class=\"elementor-column elementor-col-33 elementor-top-column elementor-element elementor-element-e7b6e82\" data-id=\"e7b6e82\" data-element_type=\"column\">\n\t\t\t<div class=\"elementor-widget-wrap elementor-element-populated\">\n\t\t\t\t\t\t<div class=\"elementor-element elementor-element-e1448ff elementor-widget elementor-widget-text-editor\" data-id=\"e1448ff\" data-element_type=\"widget\" data-widget_type=\"text-editor.default\">\n\t\t\t\t<div class=\"elementor-widget-container\">\n\t\t\t\t\t\t\t<h2>Testing total solids in milk<\/h2><p><a name=\"_GoBack\"><\/a>Furthermore, the H&amp;L Refractometer can be helpful, when it comes to feeding whole milk. The dry matter concentration in milk can vary from batch to batch, depending on the amount of colostrum or when water has been added to the milk when milk lines have been flushed in between milkings. In this case, the refractometer measures solids in the milk, so that the nutrient level can be adjusted by adding powdered milk if necessary. To fortify the whole milk with powder, the new Milktaxi 4.0 offers the option SmartMix, an easy calculator which tells the user how much milk replacer needs to be added.<\/p><p><br \/><br \/><\/p>\t\t\t\t\t\t<\/div>\n\t\t\t\t<\/div>\n\t\t\t\t\t<\/div>\n\t\t<\/div>\n\t\t\t\t\t<\/div>\n\t\t<\/section>\n\t\t\t\t<section class=\"elementor-section elementor-top-section elementor-element elementor-element-d48775a elementor-section-boxed elementor-section-height-default elementor-section-height-default\" data-id=\"d48775a\" data-element_type=\"section\">\n\t\t\t\t\t\t<div class=\"elementor-container elementor-column-gap-default\">\n\t\t\t\t\t<div class=\"elementor-column elementor-col-50 elementor-top-column elementor-element elementor-element-6f2dd5b\" data-id=\"6f2dd5b\" data-element_type=\"column\">\n\t\t\t<div class=\"elementor-widget-wrap elementor-element-populated\">\n\t\t\t\t\t\t<div class=\"elementor-element elementor-element-e5e5e39 elementor-widget elementor-widget-video\" data-id=\"e5e5e39\" data-element_type=\"widget\" data-settings=\"{&quot;youtube_url&quot;:&quot;https:\\\/\\\/youtu.be\\\/2B-fpnLdYQw&quot;,&quot;video_type&quot;:&quot;youtube&quot;,&quot;controls&quot;:&quot;yes&quot;}\" data-widget_type=\"video.default\">\n\t\t\t\t<div class=\"elementor-widget-container\">\n\t\t\t\t\t<div class=\"elementor-wrapper elementor-open-inline\">\n\t\t\t<div class=\"elementor-video\"><\/div>\t\t<\/div>\n\t\t\t\t<\/div>\n\t\t\t\t<\/div>\n\t\t\t\t\t<\/div>\n\t\t<\/div>\n\t\t\t\t<div class=\"elementor-column elementor-col-50 elementor-top-column elementor-element elementor-element-ad0bd13\" data-id=\"ad0bd13\" data-element_type=\"column\">\n\t\t\t<div class=\"elementor-widget-wrap elementor-element-populated\">\n\t\t\t\t\t\t<div class=\"elementor-element elementor-element-0884042 elementor-widget elementor-widget-video\" data-id=\"0884042\" data-element_type=\"widget\" data-settings=\"{&quot;youtube_url&quot;:&quot;https:\\\/\\\/youtu.be\\\/OPB3tHOkPL0&quot;,&quot;video_type&quot;:&quot;youtube&quot;,&quot;controls&quot;:&quot;yes&quot;}\" data-widget_type=\"video.default\">\n\t\t\t\t<div class=\"elementor-widget-container\">\n\t\t\t\t\t<div class=\"elementor-wrapper elementor-open-inline\">\n\t\t\t<div class=\"elementor-video\"><\/div>\t\t<\/div>\n\t\t\t\t<\/div>\n\t\t\t\t<\/div>\n\t\t\t\t\t<\/div>\n\t\t<\/div>\n\t\t\t\t\t<\/div>\n\t\t<\/section>\n\t\t\t\t<\/div>\n\t\t","protected":false},"excerpt":{"rendered":"<h1>An easy way to determine colostrum quality<\/h1>\n<p align=\"justify\">Newborn calves receive their antibodies, which will help them confront the bacteria and diseases of the world, through passive transfer. In other words: they need to be fed with good quality colostrum within the first hours of their life, in order to develop a healthy and strong immune system.<\/p>\n<p><strong>Gauti kainos pasi\u016blym\u0105\u00a0 <a href=\"tel:+37062821289\">+370 628 21289, <\/a><a href=\"mailto:mindaugas@agroinfo.lt\">mindaugas@agroinfo.lt<\/a><\/strong><\/p>\n","protected":false},"featured_media":12159,"template":"","meta":[],"product_brand":[],"product_cat":[272,152],"product_tag":[],"class_list":{"0":"post-12149","1":"product","2":"type-product","3":"status-publish","4":"has-post-thumbnail","6":"product_cat-colostrum-management","7":"product_cat-produktai-verseliams-en","9":"first","10":"instock","11":"taxable","12":"shipping-taxable","13":"product-type-simple"},"yoast_head":"<!-- This site is optimized with the Yoast SEO plugin v27.0 - https:\/\/yoast.com\/product\/yoast-seo-wordpress\/ -->\n<title>Holm &amp; Laue Refractometer | Calf rising - Agroinfo UAB |<\/title>\n<meta name=\"description\" content=\"Refractometer. Newborn calves receive their antibodies, which will help them confront the bacteria and diseases of the world, through passive transfer.\" \/>\n<meta name=\"robots\" content=\"index, follow, max-snippet:-1, max-image-preview:large, max-video-preview:-1\" \/>\n<link rel=\"canonical\" href=\"https:\/\/agroinfo.lt\/en\/product\/holm-laue-refractometer-calf-rising\/\" \/>\n<meta property=\"og:locale\" content=\"en_US\" \/>\n<meta property=\"og:type\" content=\"article\" \/>\n<meta property=\"og:title\" content=\"Holm &amp; Laue Refractometer | Calf rising - Agroinfo UAB |\" \/>\n<meta property=\"og:description\" content=\"Refractometer. Newborn calves receive their antibodies, which will help them confront the bacteria and diseases of the world, through passive transfer.\" \/>\n<meta property=\"og:url\" content=\"https:\/\/agroinfo.lt\/en\/product\/holm-laue-refractometer-calf-rising\/\" \/>\n<meta property=\"og:site_name\" content=\"Agroinfo UAB |\" \/>\n<meta property=\"article:publisher\" content=\"https:\/\/www.facebook.com\/UAB-Agroinfo-1695268507399346\" \/>\n<meta property=\"article:modified_time\" content=\"2021-06-16T13:13:09+00:00\" \/>\n<meta property=\"og:image\" content=\"https:\/\/agroinfo.lt\/wp-content\/uploads\/2021\/05\/Refraktometer_HL-scaled-e1622207806588.jpg\" \/>\n\t<meta property=\"og:image:width\" content=\"600\" \/>\n\t<meta property=\"og:image:height\" content=\"719\" \/>\n\t<meta property=\"og:image:type\" content=\"image\/jpeg\" \/>\n<meta name=\"twitter:card\" content=\"summary_large_image\" \/>\n<meta name=\"twitter:label1\" content=\"Est. reading time\" \/>\n\t<meta name=\"twitter:data1\" content=\"3 minutes\" \/>\n<script type=\"application\/ld+json\" class=\"yoast-schema-graph\">{\"@context\":\"https:\/\/schema.org\",\"@graph\":[{\"@type\":\"WebPage\",\"@id\":\"https:\/\/agroinfo.lt\/en\/product\/holm-laue-refractometer-calf-rising\/\",\"url\":\"https:\/\/agroinfo.lt\/en\/product\/holm-laue-refractometer-calf-rising\/\",\"name\":\"Holm & Laue Refractometer | Calf rising - Agroinfo UAB |\",\"isPartOf\":{\"@id\":\"https:\/\/agroinfo.lt\/en\/#website\"},\"primaryImageOfPage\":{\"@id\":\"https:\/\/agroinfo.lt\/en\/product\/holm-laue-refractometer-calf-rising\/#primaryimage\"},\"image\":{\"@id\":\"https:\/\/agroinfo.lt\/en\/product\/holm-laue-refractometer-calf-rising\/#primaryimage\"},\"thumbnailUrl\":\"https:\/\/agroinfo.lt\/wp-content\/uploads\/2021\/05\/Refraktometer_HL-scaled-e1622207806588.jpg\",\"datePublished\":\"2021-05-28T12:56:44+00:00\",\"dateModified\":\"2021-06-16T13:13:09+00:00\",\"description\":\"Refractometer. Newborn calves receive their antibodies, which will help them confront the bacteria and diseases of the world, through passive transfer.\",\"breadcrumb\":{\"@id\":\"https:\/\/agroinfo.lt\/en\/product\/holm-laue-refractometer-calf-rising\/#breadcrumb\"},\"inLanguage\":\"en-US\",\"potentialAction\":[{\"@type\":\"ReadAction\",\"target\":[\"https:\/\/agroinfo.lt\/en\/product\/holm-laue-refractometer-calf-rising\/\"]}]},{\"@type\":\"ImageObject\",\"inLanguage\":\"en-US\",\"@id\":\"https:\/\/agroinfo.lt\/en\/product\/holm-laue-refractometer-calf-rising\/#primaryimage\",\"url\":\"https:\/\/agroinfo.lt\/wp-content\/uploads\/2021\/05\/Refraktometer_HL-scaled-e1622207806588.jpg\",\"contentUrl\":\"https:\/\/agroinfo.lt\/wp-content\/uploads\/2021\/05\/Refraktometer_HL-scaled-e1622207806588.jpg\",\"width\":600,\"height\":719},{\"@type\":\"BreadcrumbList\",\"@id\":\"https:\/\/agroinfo.lt\/en\/product\/holm-laue-refractometer-calf-rising\/#breadcrumb\",\"itemListElement\":[{\"@type\":\"ListItem\",\"position\":1,\"name\":\"Prad\u017eia\",\"item\":\"https:\/\/agroinfo.lt\/en\/\"},{\"@type\":\"ListItem\",\"position\":2,\"name\":\"Shop\",\"item\":\"https:\/\/agroinfo.lt\/en\/shop\/\"},{\"@type\":\"ListItem\",\"position\":3,\"name\":\"Holm &#038; Laue Refractometer | Calf rising\"}]},{\"@type\":\"WebSite\",\"@id\":\"https:\/\/agroinfo.lt\/en\/#website\",\"url\":\"https:\/\/agroinfo.lt\/en\/\",\"name\":\"Agroinfo UAB |\",\"description\":\"Ferm\u0173 \u012franga | Pieno \u016bkis | D\u0117mesys karvei - sveiki ver\u0161eliai\",\"publisher\":{\"@id\":\"https:\/\/agroinfo.lt\/en\/#organization\"},\"potentialAction\":[{\"@type\":\"SearchAction\",\"target\":{\"@type\":\"EntryPoint\",\"urlTemplate\":\"https:\/\/agroinfo.lt\/en\/?s={search_term_string}\"},\"query-input\":{\"@type\":\"PropertyValueSpecification\",\"valueRequired\":true,\"valueName\":\"search_term_string\"}}],\"inLanguage\":\"en-US\"},{\"@type\":\"Organization\",\"@id\":\"https:\/\/agroinfo.lt\/en\/#organization\",\"name\":\"UAB Agroinfo\",\"url\":\"https:\/\/agroinfo.lt\/en\/\",\"logo\":{\"@type\":\"ImageObject\",\"inLanguage\":\"en-US\",\"@id\":\"https:\/\/agroinfo.lt\/en\/#\/schema\/logo\/image\/\",\"url\":\"https:\/\/agroinfo.lt\/wp-content\/uploads\/2018\/11\/cropped-Agroinfo_logo_2-1.jpg\",\"contentUrl\":\"https:\/\/agroinfo.lt\/wp-content\/uploads\/2018\/11\/cropped-Agroinfo_logo_2-1.jpg\",\"width\":792,\"height\":464,\"caption\":\"UAB Agroinfo\"},\"image\":{\"@id\":\"https:\/\/agroinfo.lt\/en\/#\/schema\/logo\/image\/\"},\"sameAs\":[\"https:\/\/www.facebook.com\/UAB-Agroinfo-1695268507399346\",\"https:\/\/www.youtube.com\/channel\/UCrndGwh3H7OsV5sCDIBBYGg\"]}]}<\/script>\n<!-- \/ Yoast SEO plugin. -->","yoast_head_json":{"title":"Holm & Laue Refractometer | Calf rising - Agroinfo UAB |","description":"Refractometer. Newborn calves receive their antibodies, which will help them confront the bacteria and diseases of the world, through passive transfer.","robots":{"index":"index","follow":"follow","max-snippet":"max-snippet:-1","max-image-preview":"max-image-preview:large","max-video-preview":"max-video-preview:-1"},"canonical":"https:\/\/agroinfo.lt\/en\/product\/holm-laue-refractometer-calf-rising\/","og_locale":"en_US","og_type":"article","og_title":"Holm & Laue Refractometer | Calf rising - Agroinfo UAB |","og_description":"Refractometer. Newborn calves receive their antibodies, which will help them confront the bacteria and diseases of the world, through passive transfer.","og_url":"https:\/\/agroinfo.lt\/en\/product\/holm-laue-refractometer-calf-rising\/","og_site_name":"Agroinfo UAB |","article_publisher":"https:\/\/www.facebook.com\/UAB-Agroinfo-1695268507399346","article_modified_time":"2021-06-16T13:13:09+00:00","og_image":[{"width":600,"height":719,"url":"https:\/\/agroinfo.lt\/wp-content\/uploads\/2021\/05\/Refraktometer_HL-scaled-e1622207806588.jpg","type":"image\/jpeg"}],"twitter_card":"summary_large_image","twitter_misc":{"Est. reading time":"3 minutes"},"schema":{"@context":"https:\/\/schema.org","@graph":[{"@type":"WebPage","@id":"https:\/\/agroinfo.lt\/en\/product\/holm-laue-refractometer-calf-rising\/","url":"https:\/\/agroinfo.lt\/en\/product\/holm-laue-refractometer-calf-rising\/","name":"Holm & Laue Refractometer | Calf rising - Agroinfo UAB |","isPartOf":{"@id":"https:\/\/agroinfo.lt\/en\/#website"},"primaryImageOfPage":{"@id":"https:\/\/agroinfo.lt\/en\/product\/holm-laue-refractometer-calf-rising\/#primaryimage"},"image":{"@id":"https:\/\/agroinfo.lt\/en\/product\/holm-laue-refractometer-calf-rising\/#primaryimage"},"thumbnailUrl":"https:\/\/agroinfo.lt\/wp-content\/uploads\/2021\/05\/Refraktometer_HL-scaled-e1622207806588.jpg","datePublished":"2021-05-28T12:56:44+00:00","dateModified":"2021-06-16T13:13:09+00:00","description":"Refractometer. Newborn calves receive their antibodies, which will help them confront the bacteria and diseases of the world, through passive transfer.","breadcrumb":{"@id":"https:\/\/agroinfo.lt\/en\/product\/holm-laue-refractometer-calf-rising\/#breadcrumb"},"inLanguage":"en-US","potentialAction":[{"@type":"ReadAction","target":["https:\/\/agroinfo.lt\/en\/product\/holm-laue-refractometer-calf-rising\/"]}]},{"@type":"ImageObject","inLanguage":"en-US","@id":"https:\/\/agroinfo.lt\/en\/product\/holm-laue-refractometer-calf-rising\/#primaryimage","url":"https:\/\/agroinfo.lt\/wp-content\/uploads\/2021\/05\/Refraktometer_HL-scaled-e1622207806588.jpg","contentUrl":"https:\/\/agroinfo.lt\/wp-content\/uploads\/2021\/05\/Refraktometer_HL-scaled-e1622207806588.jpg","width":600,"height":719},{"@type":"BreadcrumbList","@id":"https:\/\/agroinfo.lt\/en\/product\/holm-laue-refractometer-calf-rising\/#breadcrumb","itemListElement":[{"@type":"ListItem","position":1,"name":"Prad\u017eia","item":"https:\/\/agroinfo.lt\/en\/"},{"@type":"ListItem","position":2,"name":"Shop","item":"https:\/\/agroinfo.lt\/en\/shop\/"},{"@type":"ListItem","position":3,"name":"Holm &#038; Laue Refractometer | Calf rising"}]},{"@type":"WebSite","@id":"https:\/\/agroinfo.lt\/en\/#website","url":"https:\/\/agroinfo.lt\/en\/","name":"Agroinfo UAB |","description":"Ferm\u0173 \u012franga | Pieno \u016bkis | D\u0117mesys karvei - sveiki ver\u0161eliai","publisher":{"@id":"https:\/\/agroinfo.lt\/en\/#organization"},"potentialAction":[{"@type":"SearchAction","target":{"@type":"EntryPoint","urlTemplate":"https:\/\/agroinfo.lt\/en\/?s={search_term_string}"},"query-input":{"@type":"PropertyValueSpecification","valueRequired":true,"valueName":"search_term_string"}}],"inLanguage":"en-US"},{"@type":"Organization","@id":"https:\/\/agroinfo.lt\/en\/#organization","name":"UAB Agroinfo","url":"https:\/\/agroinfo.lt\/en\/","logo":{"@type":"ImageObject","inLanguage":"en-US","@id":"https:\/\/agroinfo.lt\/en\/#\/schema\/logo\/image\/","url":"https:\/\/agroinfo.lt\/wp-content\/uploads\/2018\/11\/cropped-Agroinfo_logo_2-1.jpg","contentUrl":"https:\/\/agroinfo.lt\/wp-content\/uploads\/2018\/11\/cropped-Agroinfo_logo_2-1.jpg","width":792,"height":464,"caption":"UAB Agroinfo"},"image":{"@id":"https:\/\/agroinfo.lt\/en\/#\/schema\/logo\/image\/"},"sameAs":["https:\/\/www.facebook.com\/UAB-Agroinfo-1695268507399346","https:\/\/www.youtube.com\/channel\/UCrndGwh3H7OsV5sCDIBBYGg"]}]}},"_links":{"self":[{"href":"https:\/\/agroinfo.lt\/en\/wp-json\/wp\/v2\/product\/12149","targetHints":{"allow":["GET"]}}],"collection":[{"href":"https:\/\/agroinfo.lt\/en\/wp-json\/wp\/v2\/product"}],"about":[{"href":"https:\/\/agroinfo.lt\/en\/wp-json\/wp\/v2\/types\/product"}],"version-history":[{"count":0,"href":"https:\/\/agroinfo.lt\/en\/wp-json\/wp\/v2\/product\/12149\/revisions"}],"wp:featuredmedia":[{"embeddable":true,"href":"https:\/\/agroinfo.lt\/en\/wp-json\/wp\/v2\/media\/12159"}],"wp:attachment":[{"href":"https:\/\/agroinfo.lt\/en\/wp-json\/wp\/v2\/media?parent=12149"}],"wp:term":[{"taxonomy":"product_brand","embeddable":true,"href":"https:\/\/agroinfo.lt\/en\/wp-json\/wp\/v2\/product_brand?post=12149"},{"taxonomy":"product_cat","embeddable":true,"href":"https:\/\/agroinfo.lt\/en\/wp-json\/wp\/v2\/product_cat?post=12149"},{"taxonomy":"product_tag","embeddable":true,"href":"https:\/\/agroinfo.lt\/en\/wp-json\/wp\/v2\/product_tag?post=12149"}],"curies":[{"name":"wp","href":"https:\/\/api.w.org\/{rel}","templated":true}]}}