{"id":11184,"date":"2021-05-13T13:28:34","date_gmt":"2021-05-13T10:28:34","guid":{"rendered":"https:\/\/agroinfo.lt\/?post_type=product&#038;p=11184"},"modified":"2021-06-16T16:20:10","modified_gmt":"2021-06-16T13:20:10","slug":"matilda-colostrum-pasteurizer-warmer-calf-rising","status":"publish","type":"product","link":"https:\/\/agroinfo.lt\/en\/product\/matilda-colostrum-pasteurizer-warmer-calf-rising\/","title":{"rendered":"Matilda\u00ae Colostrum Pasteurizer &#038; Warmer | Calf rising"},"content":{"rendered":"\t\t<div data-elementor-type=\"wp-post\" data-elementor-id=\"11184\" class=\"elementor elementor-11184\">\n\t\t\t\t\t\t<section class=\"elementor-section elementor-top-section elementor-element elementor-element-381d005 elementor-section-boxed elementor-section-height-default elementor-section-height-default\" data-id=\"381d005\" data-element_type=\"section\">\n\t\t\t\t\t\t<div class=\"elementor-container elementor-column-gap-default\">\n\t\t\t\t\t<div class=\"elementor-column elementor-col-100 elementor-top-column elementor-element elementor-element-3958731\" data-id=\"3958731\" data-element_type=\"column\">\n\t\t\t<div class=\"elementor-widget-wrap elementor-element-populated\">\n\t\t\t\t\t\t<div class=\"elementor-element elementor-element-b9a8994 elementor-widget elementor-widget-text-editor\" data-id=\"b9a8994\" data-element_type=\"widget\" data-widget_type=\"text-editor.default\">\n\t\t\t\t<div class=\"elementor-widget-container\">\n\t\t\t\t\t\t\t<h2><strong>It Starts with Right Volume at the Right Time<\/strong><\/h2><p>In order to be set up for success, a calf must receive at least 15% of its body weight in <strong>CLEAN COLOSTRUM<\/strong>; <em>10% in the first hour of life, 5% more 8-10 hours later.<\/em><br \/>Proper volume depends on the size of the calf. That\u2019s why our Perfect Udder\u00ae bags come in 3 calf-specific sizes!<\/p><ul><li>4L for calves that weigh MORE than 30kg<\/li><li>3L for calves that weigh LESS than 30kg<\/li><li>2L for the second feeding of ALL calves<\/li><\/ul><p>\u00a0<\/p><p>Matilda<sup>\u00ae<\/sup> is engineered to maximize the efficiency of our Perfect Udder\u00ae bags! She will pasteurize or warm up to 8 liters of colostrum quickly, but most importantly, correctly.<\/p>\t\t\t\t\t\t<\/div>\n\t\t\t\t<\/div>\n\t\t\t\t<div class=\"elementor-element elementor-element-6c930aa elementor-widget elementor-widget-accordion\" data-id=\"6c930aa\" data-element_type=\"widget\" data-widget_type=\"accordion.default\">\n\t\t\t\t<div class=\"elementor-widget-container\">\n\t\t\t\t\t<div class=\"elementor-accordion\">\n\t\t\t\t\t\t\t<div class=\"elementor-accordion-item\">\n\t\t\t\t\t<div id=\"elementor-tab-title-1131\" class=\"elementor-tab-title\" data-tab=\"1\" role=\"button\" aria-controls=\"elementor-tab-content-1131\" aria-expanded=\"false\">\n\t\t\t\t\t\t\t\t\t\t\t\t\t<span class=\"elementor-accordion-icon elementor-accordion-icon-left\" aria-hidden=\"true\">\n\t\t\t\t\t\t\t\t\t\t\t\t\t\t\t<span class=\"elementor-accordion-icon-closed\"><i class=\"fas fa-angle-double-down\"><\/i><\/span>\n\t\t\t\t\t\t\t\t<span class=\"elementor-accordion-icon-opened\"><i class=\"fas fa-angle-up\"><\/i><\/span>\n\t\t\t\t\t\t\t\t\t\t\t\t\t\t<\/span>\n\t\t\t\t\t\t\t\t\t\t\t\t<a class=\"elementor-accordion-title\" tabindex=\"0\">What does \u201cClean\u201d mean?<\/a>\n\t\t\t\t\t<\/div>\n\t\t\t\t\t<div id=\"elementor-tab-content-1131\" class=\"elementor-tab-content elementor-clearfix\" data-tab=\"1\" role=\"region\" aria-labelledby=\"elementor-tab-title-1131\"><p>It means pasteurized. Matilda<sup>\u00ae<\/sup> utilizes Dairy Tech\u2019s proven pasteurization technology. Studies show that pasteurization is a key tool for control of pathogenic bacteria as well as improvement of beneficial bacteria\u2026<em>a double win!<\/em><br \/>Management and delivery of colostrum are critical. Matilda<sup>\u00ae<\/sup> simplifies the entire colostrum management process.<\/p><ul><li><strong>Pasteurize or Warm up to 8 Liters of Colostrum at a time utilizing Dairy Tech\u2019s proven pasteurization technology<\/strong><\/li><li><strong>Works with All 3 Perfect Udder<sup>\u00ae<\/sup> Bag sizes to ensure the correct, calf-specific feeding volume<\/strong><\/li><li><strong>Bluetooth connectivity\u00a0<\/strong><\/li><li><strong>Self-Diagnosis Technology for notification of repairs or system errors<\/strong><\/li><li><strong>Easy to operate with our multi-language controller<\/strong><\/li><li><strong>Molded ABS plastic body and sink<\/strong><\/li><li><strong>Operates on 200-240vac single phase or 200-400v 3 phase<\/strong><\/li><li><strong>31in x 22in x 25in<\/strong><\/li><\/ul><\/div>\n\t\t\t\t<\/div>\n\t\t\t\t\t\t\t\t<\/div>\n\t\t\t\t<\/div>\n\t\t\t\t<\/div>\n\t\t\t\t\t<\/div>\n\t\t<\/div>\n\t\t\t\t\t<\/div>\n\t\t<\/section>\n\t\t\t\t<section class=\"elementor-section elementor-top-section elementor-element elementor-element-26704d2 elementor-section-boxed elementor-section-height-default elementor-section-height-default\" data-id=\"26704d2\" data-element_type=\"section\">\n\t\t\t\t\t\t<div class=\"elementor-container elementor-column-gap-default\">\n\t\t\t\t\t<div class=\"elementor-column elementor-col-100 elementor-top-column elementor-element elementor-element-f1a48ba\" data-id=\"f1a48ba\" data-element_type=\"column\">\n\t\t\t<div class=\"elementor-widget-wrap elementor-element-populated\">\n\t\t\t\t\t\t<div class=\"elementor-element elementor-element-12bee19 elementor-widget elementor-widget-text-editor\" data-id=\"12bee19\" data-element_type=\"widget\" data-widget_type=\"text-editor.default\">\n\t\t\t\t<div class=\"elementor-widget-container\">\n\t\t\t\t\t\t\t<h3><span style=\"color: #000000;\">Matilda<sup>\u00ae<\/sup> was designed for use on dairy farms to pasteurize<em> (heat treat)<\/em> maternal colostrum that is being fed back to the calves <\/span><\/h3><p><span style=\"color: #000000;\">It is not used for product intended for human consumption.<\/span><\/p><p><span style=\"color: #000000;\">Colostrum is harvested from the cow after she calves. It is placed into Perfect Udder<sup>\u00ae<\/sup> bags (4L, 3L or 2L) and those bags are then placed into the water bath in Matilda<sup>\u00ae<\/sup>. She heats the bags to 60C and holds them there for 60 minutes to properly treat the product and eliminate harmful pathogens such as viruses and bacteria. <\/span><\/p><p><span style=\"color: #000000;\">She then cools down the product to either be fed immediately or stored in a freezer. If frozen, then Matilda<sup>\u00ae<\/sup> is used as a thawing\/warming unit to prepare the feeding for a new calf.\u00a0At half the price of any competitive product on the market, pasteurizing and warming your valuable colostrum has never been easier or more cost-effective.<\/span><\/p>\t\t\t\t\t\t<\/div>\n\t\t\t\t<\/div>\n\t\t\t\t\t<\/div>\n\t\t<\/div>\n\t\t\t\t\t<\/div>\n\t\t<\/section>\n\t\t\t\t<section class=\"elementor-section elementor-top-section elementor-element elementor-element-d011ef8 elementor-section-boxed elementor-section-height-default elementor-section-height-default\" data-id=\"d011ef8\" data-element_type=\"section\">\n\t\t\t\t\t\t<div class=\"elementor-container elementor-column-gap-default\">\n\t\t\t\t\t<div class=\"elementor-column elementor-col-50 elementor-top-column elementor-element elementor-element-2772dc2\" data-id=\"2772dc2\" data-element_type=\"column\">\n\t\t\t<div class=\"elementor-widget-wrap elementor-element-populated\">\n\t\t\t\t\t\t<div class=\"elementor-element elementor-element-ebc77b2 elementor-widget elementor-widget-video\" data-id=\"ebc77b2\" data-element_type=\"widget\" data-settings=\"{&quot;youtube_url&quot;:&quot;https:\\\/\\\/www.youtube.com\\\/watch?v=7YR8aVAEMjc&quot;,&quot;video_type&quot;:&quot;youtube&quot;,&quot;controls&quot;:&quot;yes&quot;}\" data-widget_type=\"video.default\">\n\t\t\t\t<div class=\"elementor-widget-container\">\n\t\t\t\t\t<div class=\"elementor-wrapper elementor-open-inline\">\n\t\t\t<div class=\"elementor-video\"><\/div>\t\t<\/div>\n\t\t\t\t<\/div>\n\t\t\t\t<\/div>\n\t\t\t\t\t<\/div>\n\t\t<\/div>\n\t\t\t\t<div class=\"elementor-column elementor-col-50 elementor-top-column elementor-element elementor-element-265ff59\" data-id=\"265ff59\" data-element_type=\"column\">\n\t\t\t<div class=\"elementor-widget-wrap elementor-element-populated\">\n\t\t\t\t\t\t<div class=\"elementor-element elementor-element-676e35e elementor-widget elementor-widget-video\" data-id=\"676e35e\" data-element_type=\"widget\" data-settings=\"{&quot;youtube_url&quot;:&quot;https:\\\/\\\/www.youtube.com\\\/watch?v=mOTLMU3fbr8&quot;,&quot;video_type&quot;:&quot;youtube&quot;,&quot;controls&quot;:&quot;yes&quot;}\" data-widget_type=\"video.default\">\n\t\t\t\t<div class=\"elementor-widget-container\">\n\t\t\t\t\t<div class=\"elementor-wrapper elementor-open-inline\">\n\t\t\t<div class=\"elementor-video\"><\/div>\t\t<\/div>\n\t\t\t\t<\/div>\n\t\t\t\t<\/div>\n\t\t\t\t\t<\/div>\n\t\t<\/div>\n\t\t\t\t\t<\/div>\n\t\t<\/section>\n\t\t\t\t<section class=\"elementor-section elementor-top-section elementor-element elementor-element-c78d0ae elementor-section-boxed elementor-section-height-default elementor-section-height-default\" data-id=\"c78d0ae\" data-element_type=\"section\">\n\t\t\t\t\t\t<div class=\"elementor-container elementor-column-gap-default\">\n\t\t\t\t\t<div class=\"elementor-column elementor-col-100 elementor-top-column elementor-element elementor-element-fcb211f\" data-id=\"fcb211f\" data-element_type=\"column\">\n\t\t\t<div class=\"elementor-widget-wrap elementor-element-populated\">\n\t\t\t\t\t\t<div class=\"elementor-element elementor-element-41fcbe3 gallery-spacing-custom elementor-widget elementor-widget-image-gallery\" data-id=\"41fcbe3\" data-element_type=\"widget\" data-widget_type=\"image-gallery.default\">\n\t\t\t\t<div class=\"elementor-widget-container\">\n\t\t\t\t\t<div class=\"elementor-image-gallery\">\n\t\t\t<div id='gallery-1' class='gallery galleryid-11184 gallery-columns-4 gallery-size-medium'><figure class='gallery-item'>\n\t\t\t<div class='gallery-icon landscape'>\n\t\t\t\t<a data-elementor-open-lightbox=\"yes\" data-elementor-lightbox-slideshow=\"41fcbe3\" data-elementor-lightbox-title=\"Matilda6\" data-e-action-hash=\"#elementor-action%3Aaction%3Dlightbox%26settings%3DeyJpZCI6MTEyMzUsInVybCI6Imh0dHBzOlwvXC9hZ3JvaW5mby5sdFwvd3AtY29udGVudFwvdXBsb2Fkc1wvMjAyMVwvMDVcL01hdGlsZGE2LWUxNjIyMjA1OTE2ODY5LnBuZyIsInNsaWRlc2hvdyI6IjQxZmNiZTMifQ%3D%3D\" href='https:\/\/agroinfo.lt\/wp-content\/uploads\/2021\/05\/Matilda6-e1622205916869.png'><img fetchpriority=\"high\" decoding=\"async\" width=\"670\" height=\"670\" src=\"https:\/\/agroinfo.lt\/wp-content\/uploads\/2021\/05\/Matilda6-e1622205916869.png\" class=\"attachment-medium size-medium\" alt=\"\" srcset=\"https:\/\/agroinfo.lt\/wp-content\/uploads\/2021\/05\/Matilda6-e1622205916869.png 670w, https:\/\/agroinfo.lt\/wp-content\/uploads\/2021\/05\/Matilda6-e1622205916869-586x586.png 586w, https:\/\/agroinfo.lt\/wp-content\/uploads\/2021\/05\/Matilda6-e1622205916869-100x100.png 100w, https:\/\/agroinfo.lt\/wp-content\/uploads\/2021\/05\/Matilda6-e1622205916869-450x450.png 450w\" sizes=\"(max-width: 670px) 100vw, 670px\" \/><\/a>\n\t\t\t<\/div><\/figure><figure class='gallery-item'>\n\t\t\t<div class='gallery-icon landscape'>\n\t\t\t\t<a data-elementor-open-lightbox=\"yes\" data-elementor-lightbox-slideshow=\"41fcbe3\" data-elementor-lightbox-title=\"Matilda2\" data-e-action-hash=\"#elementor-action%3Aaction%3Dlightbox%26settings%3DeyJpZCI6MTExOTcsInVybCI6Imh0dHBzOlwvXC9hZ3JvaW5mby5sdFwvd3AtY29udGVudFwvdXBsb2Fkc1wvMjAyMVwvMDVcL01hdGlsZGEyLWUxNjIwOTAyNzA4Mjg5LmpwZyIsInNsaWRlc2hvdyI6IjQxZmNiZTMifQ%3D%3D\" href='https:\/\/agroinfo.lt\/wp-content\/uploads\/2021\/05\/Matilda2-e1620902708289.jpg'><img decoding=\"async\" width=\"800\" height=\"800\" src=\"https:\/\/agroinfo.lt\/wp-content\/uploads\/2021\/05\/Matilda2-e1620902708289.jpg\" class=\"attachment-medium size-medium\" alt=\"\" srcset=\"https:\/\/agroinfo.lt\/wp-content\/uploads\/2021\/05\/Matilda2-e1620902708289.jpg 800w, https:\/\/agroinfo.lt\/wp-content\/uploads\/2021\/05\/Matilda2-e1620902708289-586x586.jpg 586w, https:\/\/agroinfo.lt\/wp-content\/uploads\/2021\/05\/Matilda2-e1620902708289-100x100.jpg 100w, https:\/\/agroinfo.lt\/wp-content\/uploads\/2021\/05\/Matilda2-e1620902708289-450x450.jpg 450w\" sizes=\"(max-width: 800px) 100vw, 800px\" \/><\/a>\n\t\t\t<\/div><\/figure><figure class='gallery-item'>\n\t\t\t<div class='gallery-icon landscape'>\n\t\t\t\t<a data-elementor-open-lightbox=\"yes\" data-elementor-lightbox-slideshow=\"41fcbe3\" data-elementor-lightbox-title=\"Matilda5\" data-e-action-hash=\"#elementor-action%3Aaction%3Dlightbox%26settings%3DeyJpZCI6MTEyMTYsInVybCI6Imh0dHBzOlwvXC9hZ3JvaW5mby5sdFwvd3AtY29udGVudFwvdXBsb2Fkc1wvMjAyMVwvMDVcL01hdGlsZGE1LWUxNjIwOTAzMDgwMzE3LmpwZyIsInNsaWRlc2hvdyI6IjQxZmNiZTMifQ%3D%3D\" href='https:\/\/agroinfo.lt\/wp-content\/uploads\/2021\/05\/Matilda5-e1620903080317.jpg'><img decoding=\"async\" width=\"800\" height=\"800\" src=\"https:\/\/agroinfo.lt\/wp-content\/uploads\/2021\/05\/Matilda5-e1620903080317.jpg\" class=\"attachment-medium size-medium\" alt=\"\" srcset=\"https:\/\/agroinfo.lt\/wp-content\/uploads\/2021\/05\/Matilda5-e1620903080317.jpg 800w, https:\/\/agroinfo.lt\/wp-content\/uploads\/2021\/05\/Matilda5-e1620903080317-586x586.jpg 586w, https:\/\/agroinfo.lt\/wp-content\/uploads\/2021\/05\/Matilda5-e1620903080317-100x100.jpg 100w, https:\/\/agroinfo.lt\/wp-content\/uploads\/2021\/05\/Matilda5-e1620903080317-450x450.jpg 450w\" sizes=\"(max-width: 800px) 100vw, 800px\" \/><\/a>\n\t\t\t<\/div><\/figure><figure class='gallery-item'>\n\t\t\t<div class='gallery-icon portrait'>\n\t\t\t\t<a data-elementor-open-lightbox=\"yes\" data-elementor-lightbox-slideshow=\"41fcbe3\" data-elementor-lightbox-title=\"Matilda1\" data-e-action-hash=\"#elementor-action%3Aaction%3Dlightbox%26settings%3DeyJpZCI6MTExOTMsInVybCI6Imh0dHBzOlwvXC9hZ3JvaW5mby5sdFwvd3AtY29udGVudFwvdXBsb2Fkc1wvMjAyMVwvMDVcL01hdGlsZGExLWUxNjIyMjA1OTQzNjAzLnBuZyIsInNsaWRlc2hvdyI6IjQxZmNiZTMifQ%3D%3D\" href='https:\/\/agroinfo.lt\/wp-content\/uploads\/2021\/05\/Matilda1-e1622205943603.png'><img loading=\"lazy\" decoding=\"async\" width=\"670\" height=\"671\" src=\"https:\/\/agroinfo.lt\/wp-content\/uploads\/2021\/05\/Matilda1-e1622205943603.png\" class=\"attachment-medium size-medium\" alt=\"\" srcset=\"https:\/\/agroinfo.lt\/wp-content\/uploads\/2021\/05\/Matilda1-e1622205943603.png 670w, https:\/\/agroinfo.lt\/wp-content\/uploads\/2021\/05\/Matilda1-e1622205943603-586x586.png 586w, https:\/\/agroinfo.lt\/wp-content\/uploads\/2021\/05\/Matilda1-e1622205943603-100x100.png 100w, https:\/\/agroinfo.lt\/wp-content\/uploads\/2021\/05\/Matilda1-e1622205943603-450x451.png 450w\" sizes=\"(max-width: 670px) 100vw, 670px\" \/><\/a>\n\t\t\t<\/div><\/figure>\n\t\t<\/div>\n\t\t<\/div>\n\t\t\t\t<\/div>\n\t\t\t\t<\/div>\n\t\t\t\t\t<\/div>\n\t\t<\/div>\n\t\t\t\t\t<\/div>\n\t\t<\/section>\n\t\t\t\t<\/div>\n\t\t","protected":false},"excerpt":{"rendered":"<h1>QUICK is nice, but ACCURACY is Everything<\/h1>\n<h2>Matilda<sup>\u00ae<\/sup> Delivers Both!<\/h2>\n<p>We all know the value of making sure the calf receives her first dose of colostrum within the first hour of her life. But colostrum management is so much more than how \u201cquick\u201d it can be heated. Feeding the wrong volume of inferior colostrum can be as bad as not feeding any colostrum at all.<\/p>\n","protected":false},"featured_media":11186,"template":"","meta":[],"product_brand":[],"product_cat":[272,152],"product_tag":[],"class_list":{"0":"post-11184","1":"product","2":"type-product","3":"status-publish","4":"has-post-thumbnail","6":"product_cat-colostrum-management","7":"product_cat-produktai-verseliams-en","9":"first","10":"instock","11":"taxable","12":"shipping-taxable","13":"product-type-simple"},"yoast_head":"<!-- This site is optimized with the Yoast SEO plugin v27.0 - https:\/\/yoast.com\/product\/yoast-seo-wordpress\/ -->\n<title>Matilda\u00ae Colostrum Pasteurizer &amp; Warmer | Calf rising - Agroinfo UAB |<\/title>\n<meta name=\"robots\" content=\"index, follow, max-snippet:-1, max-image-preview:large, max-video-preview:-1\" \/>\n<link rel=\"canonical\" href=\"https:\/\/agroinfo.lt\/en\/product\/matilda-colostrum-pasteurizer-warmer-calf-rising\/\" \/>\n<meta property=\"og:locale\" content=\"en_US\" \/>\n<meta property=\"og:type\" content=\"article\" \/>\n<meta property=\"og:title\" content=\"Matilda\u00ae Colostrum Pasteurizer &amp; Warmer | Calf rising - Agroinfo UAB |\" \/>\n<meta property=\"og:description\" content=\"QUICK is nice, but ACCURACY is Everything Matilda\u00ae Delivers Both! We all know the value of making sure the calf receives her first dose of colostrum within the first hour of her life. But colostrum management is so much more than how \u201cquick\u201d it can be heated. Feeding the wrong volume of inferior colostrum can be as bad as not feeding any colostrum at all.\" \/>\n<meta property=\"og:url\" content=\"https:\/\/agroinfo.lt\/en\/product\/matilda-colostrum-pasteurizer-warmer-calf-rising\/\" \/>\n<meta property=\"og:site_name\" content=\"Agroinfo UAB |\" \/>\n<meta property=\"article:publisher\" content=\"https:\/\/www.facebook.com\/UAB-Agroinfo-1695268507399346\" \/>\n<meta property=\"article:modified_time\" content=\"2021-06-16T13:20:10+00:00\" \/>\n<meta property=\"og:image\" content=\"https:\/\/agroinfo.lt\/wp-content\/uploads\/2021\/05\/matilda-4.5-1.png\" \/>\n\t<meta property=\"og:image:width\" content=\"480\" \/>\n\t<meta property=\"og:image:height\" content=\"480\" \/>\n\t<meta property=\"og:image:type\" content=\"image\/png\" \/>\n<meta name=\"twitter:card\" content=\"summary_large_image\" \/>\n<meta name=\"twitter:label1\" content=\"Est. reading time\" \/>\n\t<meta name=\"twitter:data1\" content=\"3 minutes\" \/>\n<script type=\"application\/ld+json\" class=\"yoast-schema-graph\">{\"@context\":\"https:\/\/schema.org\",\"@graph\":[{\"@type\":\"WebPage\",\"@id\":\"https:\/\/agroinfo.lt\/en\/product\/matilda-colostrum-pasteurizer-warmer-calf-rising\/\",\"url\":\"https:\/\/agroinfo.lt\/en\/product\/matilda-colostrum-pasteurizer-warmer-calf-rising\/\",\"name\":\"Matilda\u00ae Colostrum Pasteurizer & Warmer | Calf rising - Agroinfo UAB |\",\"isPartOf\":{\"@id\":\"https:\/\/agroinfo.lt\/en\/#website\"},\"primaryImageOfPage\":{\"@id\":\"https:\/\/agroinfo.lt\/en\/product\/matilda-colostrum-pasteurizer-warmer-calf-rising\/#primaryimage\"},\"image\":{\"@id\":\"https:\/\/agroinfo.lt\/en\/product\/matilda-colostrum-pasteurizer-warmer-calf-rising\/#primaryimage\"},\"thumbnailUrl\":\"https:\/\/agroinfo.lt\/wp-content\/uploads\/2021\/05\/matilda-4.5-1.png\",\"datePublished\":\"2021-05-13T10:28:34+00:00\",\"dateModified\":\"2021-06-16T13:20:10+00:00\",\"breadcrumb\":{\"@id\":\"https:\/\/agroinfo.lt\/en\/product\/matilda-colostrum-pasteurizer-warmer-calf-rising\/#breadcrumb\"},\"inLanguage\":\"en-US\",\"potentialAction\":[{\"@type\":\"ReadAction\",\"target\":[\"https:\/\/agroinfo.lt\/en\/product\/matilda-colostrum-pasteurizer-warmer-calf-rising\/\"]}]},{\"@type\":\"ImageObject\",\"inLanguage\":\"en-US\",\"@id\":\"https:\/\/agroinfo.lt\/en\/product\/matilda-colostrum-pasteurizer-warmer-calf-rising\/#primaryimage\",\"url\":\"https:\/\/agroinfo.lt\/wp-content\/uploads\/2021\/05\/matilda-4.5-1.png\",\"contentUrl\":\"https:\/\/agroinfo.lt\/wp-content\/uploads\/2021\/05\/matilda-4.5-1.png\",\"width\":480,\"height\":480},{\"@type\":\"BreadcrumbList\",\"@id\":\"https:\/\/agroinfo.lt\/en\/product\/matilda-colostrum-pasteurizer-warmer-calf-rising\/#breadcrumb\",\"itemListElement\":[{\"@type\":\"ListItem\",\"position\":1,\"name\":\"Prad\u017eia\",\"item\":\"https:\/\/agroinfo.lt\/en\/\"},{\"@type\":\"ListItem\",\"position\":2,\"name\":\"Shop\",\"item\":\"https:\/\/agroinfo.lt\/en\/shop\/\"},{\"@type\":\"ListItem\",\"position\":3,\"name\":\"Matilda\u00ae Colostrum Pasteurizer &#038; Warmer | Calf rising\"}]},{\"@type\":\"WebSite\",\"@id\":\"https:\/\/agroinfo.lt\/en\/#website\",\"url\":\"https:\/\/agroinfo.lt\/en\/\",\"name\":\"Agroinfo UAB |\",\"description\":\"Ferm\u0173 \u012franga | Pieno \u016bkis | D\u0117mesys karvei - sveiki ver\u0161eliai\",\"publisher\":{\"@id\":\"https:\/\/agroinfo.lt\/en\/#organization\"},\"potentialAction\":[{\"@type\":\"SearchAction\",\"target\":{\"@type\":\"EntryPoint\",\"urlTemplate\":\"https:\/\/agroinfo.lt\/en\/?s={search_term_string}\"},\"query-input\":{\"@type\":\"PropertyValueSpecification\",\"valueRequired\":true,\"valueName\":\"search_term_string\"}}],\"inLanguage\":\"en-US\"},{\"@type\":\"Organization\",\"@id\":\"https:\/\/agroinfo.lt\/en\/#organization\",\"name\":\"UAB Agroinfo\",\"url\":\"https:\/\/agroinfo.lt\/en\/\",\"logo\":{\"@type\":\"ImageObject\",\"inLanguage\":\"en-US\",\"@id\":\"https:\/\/agroinfo.lt\/en\/#\/schema\/logo\/image\/\",\"url\":\"https:\/\/agroinfo.lt\/wp-content\/uploads\/2018\/11\/cropped-Agroinfo_logo_2-1.jpg\",\"contentUrl\":\"https:\/\/agroinfo.lt\/wp-content\/uploads\/2018\/11\/cropped-Agroinfo_logo_2-1.jpg\",\"width\":792,\"height\":464,\"caption\":\"UAB Agroinfo\"},\"image\":{\"@id\":\"https:\/\/agroinfo.lt\/en\/#\/schema\/logo\/image\/\"},\"sameAs\":[\"https:\/\/www.facebook.com\/UAB-Agroinfo-1695268507399346\",\"https:\/\/www.youtube.com\/channel\/UCrndGwh3H7OsV5sCDIBBYGg\"]}]}<\/script>\n<!-- \/ Yoast SEO plugin. -->","yoast_head_json":{"title":"Matilda\u00ae Colostrum Pasteurizer & Warmer | Calf rising - Agroinfo UAB |","robots":{"index":"index","follow":"follow","max-snippet":"max-snippet:-1","max-image-preview":"max-image-preview:large","max-video-preview":"max-video-preview:-1"},"canonical":"https:\/\/agroinfo.lt\/en\/product\/matilda-colostrum-pasteurizer-warmer-calf-rising\/","og_locale":"en_US","og_type":"article","og_title":"Matilda\u00ae Colostrum Pasteurizer & Warmer | Calf rising - Agroinfo UAB |","og_description":"QUICK is nice, but ACCURACY is Everything Matilda\u00ae Delivers Both! We all know the value of making sure the calf receives her first dose of colostrum within the first hour of her life. But colostrum management is so much more than how \u201cquick\u201d it can be heated. Feeding the wrong volume of inferior colostrum can be as bad as not feeding any colostrum at all.","og_url":"https:\/\/agroinfo.lt\/en\/product\/matilda-colostrum-pasteurizer-warmer-calf-rising\/","og_site_name":"Agroinfo UAB |","article_publisher":"https:\/\/www.facebook.com\/UAB-Agroinfo-1695268507399346","article_modified_time":"2021-06-16T13:20:10+00:00","og_image":[{"width":480,"height":480,"url":"https:\/\/agroinfo.lt\/wp-content\/uploads\/2021\/05\/matilda-4.5-1.png","type":"image\/png"}],"twitter_card":"summary_large_image","twitter_misc":{"Est. reading time":"3 minutes"},"schema":{"@context":"https:\/\/schema.org","@graph":[{"@type":"WebPage","@id":"https:\/\/agroinfo.lt\/en\/product\/matilda-colostrum-pasteurizer-warmer-calf-rising\/","url":"https:\/\/agroinfo.lt\/en\/product\/matilda-colostrum-pasteurizer-warmer-calf-rising\/","name":"Matilda\u00ae Colostrum Pasteurizer & Warmer | Calf rising - Agroinfo UAB |","isPartOf":{"@id":"https:\/\/agroinfo.lt\/en\/#website"},"primaryImageOfPage":{"@id":"https:\/\/agroinfo.lt\/en\/product\/matilda-colostrum-pasteurizer-warmer-calf-rising\/#primaryimage"},"image":{"@id":"https:\/\/agroinfo.lt\/en\/product\/matilda-colostrum-pasteurizer-warmer-calf-rising\/#primaryimage"},"thumbnailUrl":"https:\/\/agroinfo.lt\/wp-content\/uploads\/2021\/05\/matilda-4.5-1.png","datePublished":"2021-05-13T10:28:34+00:00","dateModified":"2021-06-16T13:20:10+00:00","breadcrumb":{"@id":"https:\/\/agroinfo.lt\/en\/product\/matilda-colostrum-pasteurizer-warmer-calf-rising\/#breadcrumb"},"inLanguage":"en-US","potentialAction":[{"@type":"ReadAction","target":["https:\/\/agroinfo.lt\/en\/product\/matilda-colostrum-pasteurizer-warmer-calf-rising\/"]}]},{"@type":"ImageObject","inLanguage":"en-US","@id":"https:\/\/agroinfo.lt\/en\/product\/matilda-colostrum-pasteurizer-warmer-calf-rising\/#primaryimage","url":"https:\/\/agroinfo.lt\/wp-content\/uploads\/2021\/05\/matilda-4.5-1.png","contentUrl":"https:\/\/agroinfo.lt\/wp-content\/uploads\/2021\/05\/matilda-4.5-1.png","width":480,"height":480},{"@type":"BreadcrumbList","@id":"https:\/\/agroinfo.lt\/en\/product\/matilda-colostrum-pasteurizer-warmer-calf-rising\/#breadcrumb","itemListElement":[{"@type":"ListItem","position":1,"name":"Prad\u017eia","item":"https:\/\/agroinfo.lt\/en\/"},{"@type":"ListItem","position":2,"name":"Shop","item":"https:\/\/agroinfo.lt\/en\/shop\/"},{"@type":"ListItem","position":3,"name":"Matilda\u00ae Colostrum Pasteurizer &#038; Warmer | Calf rising"}]},{"@type":"WebSite","@id":"https:\/\/agroinfo.lt\/en\/#website","url":"https:\/\/agroinfo.lt\/en\/","name":"Agroinfo UAB |","description":"Ferm\u0173 \u012franga | Pieno \u016bkis | D\u0117mesys karvei - sveiki ver\u0161eliai","publisher":{"@id":"https:\/\/agroinfo.lt\/en\/#organization"},"potentialAction":[{"@type":"SearchAction","target":{"@type":"EntryPoint","urlTemplate":"https:\/\/agroinfo.lt\/en\/?s={search_term_string}"},"query-input":{"@type":"PropertyValueSpecification","valueRequired":true,"valueName":"search_term_string"}}],"inLanguage":"en-US"},{"@type":"Organization","@id":"https:\/\/agroinfo.lt\/en\/#organization","name":"UAB Agroinfo","url":"https:\/\/agroinfo.lt\/en\/","logo":{"@type":"ImageObject","inLanguage":"en-US","@id":"https:\/\/agroinfo.lt\/en\/#\/schema\/logo\/image\/","url":"https:\/\/agroinfo.lt\/wp-content\/uploads\/2018\/11\/cropped-Agroinfo_logo_2-1.jpg","contentUrl":"https:\/\/agroinfo.lt\/wp-content\/uploads\/2018\/11\/cropped-Agroinfo_logo_2-1.jpg","width":792,"height":464,"caption":"UAB Agroinfo"},"image":{"@id":"https:\/\/agroinfo.lt\/en\/#\/schema\/logo\/image\/"},"sameAs":["https:\/\/www.facebook.com\/UAB-Agroinfo-1695268507399346","https:\/\/www.youtube.com\/channel\/UCrndGwh3H7OsV5sCDIBBYGg"]}]}},"_links":{"self":[{"href":"https:\/\/agroinfo.lt\/en\/wp-json\/wp\/v2\/product\/11184","targetHints":{"allow":["GET"]}}],"collection":[{"href":"https:\/\/agroinfo.lt\/en\/wp-json\/wp\/v2\/product"}],"about":[{"href":"https:\/\/agroinfo.lt\/en\/wp-json\/wp\/v2\/types\/product"}],"version-history":[{"count":0,"href":"https:\/\/agroinfo.lt\/en\/wp-json\/wp\/v2\/product\/11184\/revisions"}],"wp:featuredmedia":[{"embeddable":true,"href":"https:\/\/agroinfo.lt\/en\/wp-json\/wp\/v2\/media\/11186"}],"wp:attachment":[{"href":"https:\/\/agroinfo.lt\/en\/wp-json\/wp\/v2\/media?parent=11184"}],"wp:term":[{"taxonomy":"product_brand","embeddable":true,"href":"https:\/\/agroinfo.lt\/en\/wp-json\/wp\/v2\/product_brand?post=11184"},{"taxonomy":"product_cat","embeddable":true,"href":"https:\/\/agroinfo.lt\/en\/wp-json\/wp\/v2\/product_cat?post=11184"},{"taxonomy":"product_tag","embeddable":true,"href":"https:\/\/agroinfo.lt\/en\/wp-json\/wp\/v2\/product_tag?post=11184"}],"curies":[{"name":"wp","href":"https:\/\/api.w.org\/{rel}","templated":true}]}}