{"id":10996,"date":"2021-05-12T15:40:13","date_gmt":"2021-05-12T12:40:13","guid":{"rendered":"https:\/\/agroinfo.lt\/?post_type=product&#038;p=10996"},"modified":"2021-05-19T14:03:03","modified_gmt":"2021-05-19T11:03:03","slug":"veterinary-b-mode-ultrasound-scanner-rku10-healthy-cows","status":"publish","type":"product","link":"https:\/\/agroinfo.lt\/en\/product\/veterinary-b-mode-ultrasound-scanner-rku10-healthy-cows\/","title":{"rendered":"Veterinary B Mode Ultrasound Scanner RKU10 | Healthy Cows"},"content":{"rendered":"\t\t<div data-elementor-type=\"wp-post\" data-elementor-id=\"10996\" class=\"elementor elementor-10996\">\n\t\t\t\t\t\t<section class=\"elementor-section elementor-top-section elementor-element elementor-element-381d005 elementor-section-boxed elementor-section-height-default elementor-section-height-default\" data-id=\"381d005\" data-element_type=\"section\">\n\t\t\t\t\t\t<div class=\"elementor-container elementor-column-gap-default\">\n\t\t\t\t\t<div class=\"elementor-column elementor-col-100 elementor-top-column elementor-element elementor-element-3958731\" data-id=\"3958731\" data-element_type=\"column\">\n\t\t\t<div class=\"elementor-widget-wrap elementor-element-populated\">\n\t\t\t\t\t\t<div class=\"elementor-element elementor-element-b9a8994 elementor-widget elementor-widget-text-editor\" data-id=\"b9a8994\" data-element_type=\"widget\" data-widget_type=\"text-editor.default\">\n\t\t\t\t<div class=\"elementor-widget-container\">\n\t\t\t\t\t\t\t<h2>Feature<\/h2><p>\u2022 Net weight\uff1a1.1kg. Smart and light.<br \/>\u2022 High-capacity lithium Battery ,more than 6 hours work.<br \/>\u2022 Standard configuration 1 pc of sunshine cover, suitable for use in outdoor strong sunshine.<br \/>\u2022 Available for left\/right hand alternative use, eliminating operate fatigue.<br \/>\u2022 Multiple use method: hand-held, chest hanging, back hanging , waist hanging, etc.<br \/>\u2022 Optional professional ultrasound goggle, convenient for outdoor use, meet different need.<br \/>\u2022 Sophisticated craft, have soft rubber coat, splash-proof, dust-proof.<\/p>\t\t\t\t\t\t<\/div>\n\t\t\t\t<\/div>\n\t\t\t\t\t<\/div>\n\t\t<\/div>\n\t\t\t\t\t<\/div>\n\t\t<\/section>\n\t\t\t\t<section class=\"elementor-section elementor-top-section elementor-element elementor-element-ff2a0e4 elementor-section-boxed elementor-section-height-default elementor-section-height-default\" data-id=\"ff2a0e4\" data-element_type=\"section\">\n\t\t\t\t\t\t<div class=\"elementor-container elementor-column-gap-default\">\n\t\t\t\t\t<div class=\"elementor-column elementor-col-50 elementor-top-column elementor-element elementor-element-6e333be\" data-id=\"6e333be\" data-element_type=\"column\">\n\t\t\t<div class=\"elementor-widget-wrap elementor-element-populated\">\n\t\t\t\t\t\t<div class=\"elementor-element elementor-element-dd09685 elementor-widget elementor-widget-text-editor\" data-id=\"dd09685\" data-element_type=\"widget\" data-widget_type=\"text-editor.default\">\n\t\t\t\t<div class=\"elementor-widget-container\">\n\t\t\t\t\t\t\t<h3>Available for alternative left\/right hand use<\/h3><p><img fetchpriority=\"high\" decoding=\"async\" class=\"size-full wp-image-11009 alignleft\" src=\"https:\/\/agroinfo.lt\/wp-content\/uploads\/2021\/05\/1-20180129141150726.jpg\" alt=\"\" width=\"350\" height=\"259\" \/><\/p>\t\t\t\t\t\t<\/div>\n\t\t\t\t<\/div>\n\t\t\t\t\t<\/div>\n\t\t<\/div>\n\t\t\t\t<div class=\"elementor-column elementor-col-50 elementor-top-column elementor-element elementor-element-8b56cd3\" data-id=\"8b56cd3\" data-element_type=\"column\">\n\t\t\t<div class=\"elementor-widget-wrap elementor-element-populated\">\n\t\t\t\t\t\t<div class=\"elementor-element elementor-element-48bfe63 elementor-widget elementor-widget-text-editor\" data-id=\"48bfe63\" data-element_type=\"widget\" data-widget_type=\"text-editor.default\">\n\t\t\t\t<div class=\"elementor-widget-container\">\n\t\t\t\t\t\t\t<h3 style=\"text-align: left;\">Smart and light<\/h3><p><img decoding=\"async\" class=\"size-full wp-image-11013 alignleft\" src=\"https:\/\/agroinfo.lt\/wp-content\/uploads\/2021\/05\/2-20180129141156735.jpg\" alt=\"\" width=\"350\" height=\"259\" \/><\/p>\t\t\t\t\t\t<\/div>\n\t\t\t\t<\/div>\n\t\t\t\t\t<\/div>\n\t\t<\/div>\n\t\t\t\t\t<\/div>\n\t\t<\/section>\n\t\t\t\t<section class=\"elementor-section elementor-top-section elementor-element elementor-element-005349c elementor-section-boxed elementor-section-height-default elementor-section-height-default\" data-id=\"005349c\" data-element_type=\"section\">\n\t\t\t\t\t\t<div class=\"elementor-container elementor-column-gap-default\">\n\t\t\t\t\t<div class=\"elementor-column elementor-col-50 elementor-top-column elementor-element elementor-element-198d528\" data-id=\"198d528\" data-element_type=\"column\">\n\t\t\t<div class=\"elementor-widget-wrap elementor-element-populated\">\n\t\t\t\t\t\t<div class=\"elementor-element elementor-element-0444c84 elementor-widget elementor-widget-text-editor\" data-id=\"0444c84\" data-element_type=\"widget\" data-widget_type=\"text-editor.default\">\n\t\t\t\t<div class=\"elementor-widget-container\">\n\t\t\t\t\t\t\t<h3>5.7 High resolution LED<\/h3><p><img decoding=\"async\" class=\"size-full wp-image-11017 alignleft\" src=\"https:\/\/agroinfo.lt\/wp-content\/uploads\/2021\/05\/3-20180129141211553.jpg\" alt=\"\" width=\"350\" height=\"259\" \/><\/p>\t\t\t\t\t\t<\/div>\n\t\t\t\t<\/div>\n\t\t\t\t\t<\/div>\n\t\t<\/div>\n\t\t\t\t<div class=\"elementor-column elementor-col-50 elementor-top-column elementor-element elementor-element-ac225bf\" data-id=\"ac225bf\" data-element_type=\"column\">\n\t\t\t<div class=\"elementor-widget-wrap elementor-element-populated\">\n\t\t\t\t\t\t<div class=\"elementor-element elementor-element-5ecf759 elementor-widget elementor-widget-text-editor\" data-id=\"5ecf759\" data-element_type=\"widget\" data-widget_type=\"text-editor.default\">\n\t\t\t\t<div class=\"elementor-widget-container\">\n\t\t\t\t\t\t\t<h3>Sunshine cover<\/h3><p><img loading=\"lazy\" decoding=\"async\" class=\"size-full wp-image-11021 alignleft\" src=\"https:\/\/agroinfo.lt\/wp-content\/uploads\/2021\/05\/4-20180129141218289.jpg\" alt=\"\" width=\"350\" height=\"259\" \/><\/p>\t\t\t\t\t\t<\/div>\n\t\t\t\t<\/div>\n\t\t\t\t\t<\/div>\n\t\t<\/div>\n\t\t\t\t\t<\/div>\n\t\t<\/section>\n\t\t\t\t<section class=\"elementor-section elementor-top-section elementor-element elementor-element-db4a6ff elementor-section-boxed elementor-section-height-default elementor-section-height-default\" data-id=\"db4a6ff\" data-element_type=\"section\">\n\t\t\t\t\t\t<div class=\"elementor-container elementor-column-gap-default\">\n\t\t\t\t\t<div class=\"elementor-column elementor-col-50 elementor-top-column elementor-element elementor-element-0e70505\" data-id=\"0e70505\" data-element_type=\"column\">\n\t\t\t<div class=\"elementor-widget-wrap elementor-element-populated\">\n\t\t\t\t\t\t<div class=\"elementor-element elementor-element-35b15ef elementor-widget elementor-widget-text-editor\" data-id=\"35b15ef\" data-element_type=\"widget\" data-widget_type=\"text-editor.default\">\n\t\t\t\t<div class=\"elementor-widget-container\">\n\t\t\t\t\t\t\t<h3>Soft rubber cover<\/h3><p><img loading=\"lazy\" decoding=\"async\" class=\"size-full wp-image-11025 alignleft\" src=\"https:\/\/agroinfo.lt\/wp-content\/uploads\/2021\/05\/5-20180129141224747.jpg\" alt=\"\" width=\"350\" height=\"259\" \/><\/p>\t\t\t\t\t\t<\/div>\n\t\t\t\t<\/div>\n\t\t\t\t\t<\/div>\n\t\t<\/div>\n\t\t\t\t<div class=\"elementor-column elementor-col-50 elementor-top-column elementor-element elementor-element-0eb5944\" data-id=\"0eb5944\" data-element_type=\"column\">\n\t\t\t<div class=\"elementor-widget-wrap elementor-element-populated\">\n\t\t\t\t\t\t<div class=\"elementor-element elementor-element-a3acfd9 elementor-widget elementor-widget-text-editor\" data-id=\"a3acfd9\" data-element_type=\"widget\" data-widget_type=\"text-editor.default\">\n\t\t\t\t<div class=\"elementor-widget-container\">\n\t\t\t\t\t\t\t<h3>High-capacity Li-battery, Working time \u2265 360mins<\/h3><p><img loading=\"lazy\" decoding=\"async\" class=\"size-full wp-image-11029 alignleft\" src=\"https:\/\/agroinfo.lt\/wp-content\/uploads\/2021\/05\/6-20180129141230479.jpg\" alt=\"\" width=\"350\" height=\"259\" \/><\/p>\t\t\t\t\t\t<\/div>\n\t\t\t\t<\/div>\n\t\t\t\t\t<\/div>\n\t\t<\/div>\n\t\t\t\t\t<\/div>\n\t\t<\/section>\n\t\t\t\t<section class=\"elementor-section elementor-top-section elementor-element elementor-element-d011ef8 elementor-section-boxed elementor-section-height-default elementor-section-height-default\" data-id=\"d011ef8\" data-element_type=\"section\">\n\t\t\t\t\t\t<div class=\"elementor-container elementor-column-gap-default\">\n\t\t\t\t\t<div class=\"elementor-column elementor-col-50 elementor-top-column elementor-element elementor-element-2772dc2\" data-id=\"2772dc2\" data-element_type=\"column\">\n\t\t\t<div class=\"elementor-widget-wrap elementor-element-populated\">\n\t\t\t\t\t\t<div class=\"elementor-element elementor-element-41f5483 elementor-widget elementor-widget-video\" data-id=\"41f5483\" data-element_type=\"widget\" data-settings=\"{&quot;youtube_url&quot;:&quot;https:\\\/\\\/www.youtube.com\\\/watch?v=X0plAkiUxdk&amp;t=1s&quot;,&quot;video_type&quot;:&quot;youtube&quot;,&quot;controls&quot;:&quot;yes&quot;}\" data-widget_type=\"video.default\">\n\t\t\t\t<div class=\"elementor-widget-container\">\n\t\t\t\t\t<div class=\"elementor-wrapper elementor-open-inline\">\n\t\t\t<div class=\"elementor-video\"><\/div>\t\t<\/div>\n\t\t\t\t<\/div>\n\t\t\t\t<\/div>\n\t\t\t\t\t<\/div>\n\t\t<\/div>\n\t\t\t\t<div class=\"elementor-column elementor-col-50 elementor-top-column elementor-element elementor-element-265ff59\" data-id=\"265ff59\" data-element_type=\"column\">\n\t\t\t<div class=\"elementor-widget-wrap elementor-element-populated\">\n\t\t\t\t\t\t<div class=\"elementor-element elementor-element-3084c39 elementor-widget elementor-widget-video\" data-id=\"3084c39\" data-element_type=\"widget\" data-settings=\"{&quot;youtube_url&quot;:&quot;https:\\\/\\\/www.youtube.com\\\/watch?v=tmPOOS7U2r0&amp;t=1s&quot;,&quot;video_type&quot;:&quot;youtube&quot;,&quot;controls&quot;:&quot;yes&quot;}\" data-widget_type=\"video.default\">\n\t\t\t\t<div class=\"elementor-widget-container\">\n\t\t\t\t\t<div class=\"elementor-wrapper elementor-open-inline\">\n\t\t\t<div class=\"elementor-video\"><\/div>\t\t<\/div>\n\t\t\t\t<\/div>\n\t\t\t\t<\/div>\n\t\t\t\t\t<\/div>\n\t\t<\/div>\n\t\t\t\t\t<\/div>\n\t\t<\/section>\n\t\t\t\t<section class=\"elementor-section elementor-top-section elementor-element elementor-element-c78d0ae elementor-section-boxed elementor-section-height-default elementor-section-height-default\" data-id=\"c78d0ae\" data-element_type=\"section\">\n\t\t\t\t\t\t<div class=\"elementor-container elementor-column-gap-default\">\n\t\t\t\t\t<div class=\"elementor-column elementor-col-100 elementor-top-column elementor-element elementor-element-fcb211f\" data-id=\"fcb211f\" data-element_type=\"column\">\n\t\t\t<div class=\"elementor-widget-wrap elementor-element-populated\">\n\t\t\t\t\t\t<div class=\"elementor-element elementor-element-41fcbe3 gallery-spacing-custom elementor-widget elementor-widget-image-gallery\" data-id=\"41fcbe3\" data-element_type=\"widget\" data-widget_type=\"image-gallery.default\">\n\t\t\t\t<div class=\"elementor-widget-container\">\n\t\t\t\t\t<div class=\"elementor-image-gallery\">\n\t\t\t<div id='gallery-1' class='gallery galleryid-10996 gallery-columns-4 gallery-size-medium'><figure class='gallery-item'>\n\t\t\t<div class='gallery-icon landscape'>\n\t\t\t\t<a data-elementor-open-lightbox=\"yes\" data-elementor-lightbox-slideshow=\"41fcbe3\" data-e-action-hash=\"#elementor-action%3Aaction%3Dlightbox%26settings%3DeyJpZCI6MTEwNTEsInVybCI6Imh0dHBzOlwvXC9hZ3JvaW5mby5sdFwvd3AtY29udGVudFwvdXBsb2Fkc1wvMjAyMVwvMDVcLzgtMjAxODAxMjkxNDQ1NDcxODguanBnIiwic2xpZGVzaG93IjoiNDFmY2JlMyJ9\" href='https:\/\/agroinfo.lt\/wp-content\/uploads\/2021\/05\/8-20180129144547188.jpg'><img loading=\"lazy\" decoding=\"async\" width=\"250\" height=\"188\" src=\"https:\/\/agroinfo.lt\/wp-content\/uploads\/2021\/05\/8-20180129144547188.jpg\" class=\"attachment-medium size-medium\" alt=\"\" \/><\/a>\n\t\t\t<\/div><\/figure><figure class='gallery-item'>\n\t\t\t<div class='gallery-icon landscape'>\n\t\t\t\t<a data-elementor-open-lightbox=\"yes\" data-elementor-lightbox-slideshow=\"41fcbe3\" data-e-action-hash=\"#elementor-action%3Aaction%3Dlightbox%26settings%3DeyJpZCI6MTEwNDMsInVybCI6Imh0dHBzOlwvXC9hZ3JvaW5mby5sdFwvd3AtY29udGVudFwvdXBsb2Fkc1wvMjAyMVwvMDVcLzEwLTIwMTgwMTI5MTQ0NjAzNTg2LmpwZyIsInNsaWRlc2hvdyI6IjQxZmNiZTMifQ%3D%3D\" href='https:\/\/agroinfo.lt\/wp-content\/uploads\/2021\/05\/10-20180129144603586.jpg'><img loading=\"lazy\" decoding=\"async\" width=\"250\" height=\"188\" src=\"https:\/\/agroinfo.lt\/wp-content\/uploads\/2021\/05\/10-20180129144603586.jpg\" class=\"attachment-medium size-medium\" alt=\"\" \/><\/a>\n\t\t\t<\/div><\/figure><figure class='gallery-item'>\n\t\t\t<div class='gallery-icon landscape'>\n\t\t\t\t<a data-elementor-open-lightbox=\"yes\" data-elementor-lightbox-slideshow=\"41fcbe3\" data-e-action-hash=\"#elementor-action%3Aaction%3Dlightbox%26settings%3DeyJpZCI6MTEwMzksInVybCI6Imh0dHBzOlwvXC9hZ3JvaW5mby5sdFwvd3AtY29udGVudFwvdXBsb2Fkc1wvMjAyMVwvMDVcLzktMjAxODAxMjkxNDQ1NTM0NzUuanBnIiwic2xpZGVzaG93IjoiNDFmY2JlMyJ9\" href='https:\/\/agroinfo.lt\/wp-content\/uploads\/2021\/05\/9-20180129144553475.jpg'><img loading=\"lazy\" decoding=\"async\" width=\"250\" height=\"188\" src=\"https:\/\/agroinfo.lt\/wp-content\/uploads\/2021\/05\/9-20180129144553475.jpg\" class=\"attachment-medium size-medium\" alt=\"\" \/><\/a>\n\t\t\t<\/div><\/figure><figure class='gallery-item'>\n\t\t\t<div class='gallery-icon landscape'>\n\t\t\t\t<a data-elementor-open-lightbox=\"yes\" data-elementor-lightbox-slideshow=\"41fcbe3\" data-e-action-hash=\"#elementor-action%3Aaction%3Dlightbox%26settings%3DeyJpZCI6MTEwNDcsInVybCI6Imh0dHBzOlwvXC9hZ3JvaW5mby5sdFwvd3AtY29udGVudFwvdXBsb2Fkc1wvMjAyMVwvMDVcLzctMjAxODAxMjkxNDQ1NDAzOTUuanBnIiwic2xpZGVzaG93IjoiNDFmY2JlMyJ9\" href='https:\/\/agroinfo.lt\/wp-content\/uploads\/2021\/05\/7-20180129144540395.jpg'><img loading=\"lazy\" decoding=\"async\" width=\"250\" height=\"188\" src=\"https:\/\/agroinfo.lt\/wp-content\/uploads\/2021\/05\/7-20180129144540395.jpg\" class=\"attachment-medium size-medium\" alt=\"\" \/><\/a>\n\t\t\t<\/div><\/figure>\n\t\t<\/div>\n\t\t<\/div>\n\t\t\t\t<\/div>\n\t\t\t\t<\/div>\n\t\t\t\t\t<\/div>\n\t\t<\/div>\n\t\t\t\t\t<\/div>\n\t\t<\/section>\n\t\t\t\t<\/div>\n\t\t","protected":false},"excerpt":{"rendered":"<h1>Veterinary Ultrasound Scanner: convenient use, for different animals<\/h1>\n<p>RKU10 is with light weight, long-time battery work, unique ring design, multiple use method, very convenient for long-time using but eliminating operating fatigue, different probes available for different animals.<\/p>\n<p><img loading=\"lazy\" decoding=\"async\" class=\"size-full wp-image-11062 alignleft\" src=\"https:\/\/agroinfo.lt\/wp-content\/uploads\/2021\/05\/4yang.png\" alt=\"\" width=\"70\" height=\"70\" \/> <img loading=\"lazy\" decoding=\"async\" class=\"size-full wp-image-11066 alignleft\" src=\"https:\/\/agroinfo.lt\/wp-content\/uploads\/2021\/05\/1zhu.png\" alt=\"\" width=\"70\" height=\"70\" \/> <img loading=\"lazy\" decoding=\"async\" class=\"size-full wp-image-11070 alignleft\" src=\"https:\/\/agroinfo.lt\/wp-content\/uploads\/2021\/05\/2iu.png\" alt=\"\" width=\"70\" height=\"70\" \/> <img loading=\"lazy\" decoding=\"async\" class=\"size-full wp-image-11074 alignleft\" src=\"https:\/\/agroinfo.lt\/wp-content\/uploads\/2021\/05\/3ma.png\" alt=\"\" width=\"70\" height=\"70\" \/><\/p>\n<p>&nbsp;<\/p>\n","protected":false},"featured_media":10998,"template":"","meta":[],"product_brand":[],"product_cat":[192],"product_tag":[],"class_list":{"0":"post-10996","1":"product","2":"type-product","3":"status-publish","4":"has-post-thumbnail","6":"product_cat-for-cows","8":"first","9":"instock","10":"taxable","11":"shipping-taxable","12":"product-type-simple"},"yoast_head":"<!-- This site is optimized with the Yoast SEO plugin v27.0 - https:\/\/yoast.com\/product\/yoast-seo-wordpress\/ -->\n<title>Veterinary B Mode Ultrasound Scanner RKU10 | Healthy Cows - Agroinfo UAB |<\/title>\n<meta name=\"robots\" content=\"index, follow, max-snippet:-1, max-image-preview:large, max-video-preview:-1\" \/>\n<link rel=\"canonical\" href=\"https:\/\/agroinfo.lt\/en\/product\/veterinary-b-mode-ultrasound-scanner-rku10-healthy-cows\/\" \/>\n<meta property=\"og:locale\" content=\"en_US\" \/>\n<meta property=\"og:type\" content=\"article\" \/>\n<meta property=\"og:title\" content=\"Veterinary B Mode Ultrasound Scanner RKU10 | Healthy Cows - Agroinfo UAB |\" \/>\n<meta property=\"og:description\" content=\"Veterinary Ultrasound Scanner: convenient use, for different animals RKU10 is with light weight, long-time battery work, unique ring design, multiple use method, very convenient for long-time using but eliminating operating fatigue, different probes available for different animals.      &nbsp;\" \/>\n<meta property=\"og:url\" content=\"https:\/\/agroinfo.lt\/en\/product\/veterinary-b-mode-ultrasound-scanner-rku10-healthy-cows\/\" \/>\n<meta property=\"og:site_name\" content=\"Agroinfo UAB |\" \/>\n<meta property=\"article:publisher\" content=\"https:\/\/www.facebook.com\/UAB-Agroinfo-1695268507399346\" \/>\n<meta property=\"article:modified_time\" content=\"2021-05-19T11:03:03+00:00\" \/>\n<meta property=\"og:image\" content=\"https:\/\/agroinfo.lt\/wp-content\/uploads\/2021\/05\/rku-10-80398878842798.jpg\" \/>\n\t<meta property=\"og:image:width\" content=\"500\" \/>\n\t<meta property=\"og:image:height\" content=\"500\" \/>\n\t<meta property=\"og:image:type\" content=\"image\/jpeg\" \/>\n<meta name=\"twitter:card\" content=\"summary_large_image\" \/>\n<meta name=\"twitter:label1\" content=\"Est. reading time\" \/>\n\t<meta name=\"twitter:data1\" content=\"3 minutes\" \/>\n<script type=\"application\/ld+json\" class=\"yoast-schema-graph\">{\"@context\":\"https:\/\/schema.org\",\"@graph\":[{\"@type\":\"WebPage\",\"@id\":\"https:\/\/agroinfo.lt\/en\/product\/veterinary-b-mode-ultrasound-scanner-rku10-healthy-cows\/\",\"url\":\"https:\/\/agroinfo.lt\/en\/product\/veterinary-b-mode-ultrasound-scanner-rku10-healthy-cows\/\",\"name\":\"Veterinary B Mode Ultrasound Scanner RKU10 | Healthy Cows - Agroinfo UAB |\",\"isPartOf\":{\"@id\":\"https:\/\/agroinfo.lt\/en\/#website\"},\"primaryImageOfPage\":{\"@id\":\"https:\/\/agroinfo.lt\/en\/product\/veterinary-b-mode-ultrasound-scanner-rku10-healthy-cows\/#primaryimage\"},\"image\":{\"@id\":\"https:\/\/agroinfo.lt\/en\/product\/veterinary-b-mode-ultrasound-scanner-rku10-healthy-cows\/#primaryimage\"},\"thumbnailUrl\":\"https:\/\/agroinfo.lt\/wp-content\/uploads\/2021\/05\/rku-10-80398878842798.jpg\",\"datePublished\":\"2021-05-12T12:40:13+00:00\",\"dateModified\":\"2021-05-19T11:03:03+00:00\",\"breadcrumb\":{\"@id\":\"https:\/\/agroinfo.lt\/en\/product\/veterinary-b-mode-ultrasound-scanner-rku10-healthy-cows\/#breadcrumb\"},\"inLanguage\":\"en-US\",\"potentialAction\":[{\"@type\":\"ReadAction\",\"target\":[\"https:\/\/agroinfo.lt\/en\/product\/veterinary-b-mode-ultrasound-scanner-rku10-healthy-cows\/\"]}]},{\"@type\":\"ImageObject\",\"inLanguage\":\"en-US\",\"@id\":\"https:\/\/agroinfo.lt\/en\/product\/veterinary-b-mode-ultrasound-scanner-rku10-healthy-cows\/#primaryimage\",\"url\":\"https:\/\/agroinfo.lt\/wp-content\/uploads\/2021\/05\/rku-10-80398878842798.jpg\",\"contentUrl\":\"https:\/\/agroinfo.lt\/wp-content\/uploads\/2021\/05\/rku-10-80398878842798.jpg\",\"width\":500,\"height\":500},{\"@type\":\"BreadcrumbList\",\"@id\":\"https:\/\/agroinfo.lt\/en\/product\/veterinary-b-mode-ultrasound-scanner-rku10-healthy-cows\/#breadcrumb\",\"itemListElement\":[{\"@type\":\"ListItem\",\"position\":1,\"name\":\"Prad\u017eia\",\"item\":\"https:\/\/agroinfo.lt\/en\/\"},{\"@type\":\"ListItem\",\"position\":2,\"name\":\"Shop\",\"item\":\"https:\/\/agroinfo.lt\/en\/shop\/\"},{\"@type\":\"ListItem\",\"position\":3,\"name\":\"Veterinary B Mode Ultrasound Scanner RKU10 | Healthy Cows\"}]},{\"@type\":\"WebSite\",\"@id\":\"https:\/\/agroinfo.lt\/en\/#website\",\"url\":\"https:\/\/agroinfo.lt\/en\/\",\"name\":\"Agroinfo UAB |\",\"description\":\"Ferm\u0173 \u012franga | Pieno \u016bkis | D\u0117mesys karvei - sveiki ver\u0161eliai\",\"publisher\":{\"@id\":\"https:\/\/agroinfo.lt\/en\/#organization\"},\"potentialAction\":[{\"@type\":\"SearchAction\",\"target\":{\"@type\":\"EntryPoint\",\"urlTemplate\":\"https:\/\/agroinfo.lt\/en\/?s={search_term_string}\"},\"query-input\":{\"@type\":\"PropertyValueSpecification\",\"valueRequired\":true,\"valueName\":\"search_term_string\"}}],\"inLanguage\":\"en-US\"},{\"@type\":\"Organization\",\"@id\":\"https:\/\/agroinfo.lt\/en\/#organization\",\"name\":\"UAB Agroinfo\",\"url\":\"https:\/\/agroinfo.lt\/en\/\",\"logo\":{\"@type\":\"ImageObject\",\"inLanguage\":\"en-US\",\"@id\":\"https:\/\/agroinfo.lt\/en\/#\/schema\/logo\/image\/\",\"url\":\"https:\/\/agroinfo.lt\/wp-content\/uploads\/2018\/11\/cropped-Agroinfo_logo_2-1.jpg\",\"contentUrl\":\"https:\/\/agroinfo.lt\/wp-content\/uploads\/2018\/11\/cropped-Agroinfo_logo_2-1.jpg\",\"width\":792,\"height\":464,\"caption\":\"UAB Agroinfo\"},\"image\":{\"@id\":\"https:\/\/agroinfo.lt\/en\/#\/schema\/logo\/image\/\"},\"sameAs\":[\"https:\/\/www.facebook.com\/UAB-Agroinfo-1695268507399346\",\"https:\/\/www.youtube.com\/channel\/UCrndGwh3H7OsV5sCDIBBYGg\"]}]}<\/script>\n<!-- \/ Yoast SEO plugin. -->","yoast_head_json":{"title":"Veterinary B Mode Ultrasound Scanner RKU10 | Healthy Cows - Agroinfo UAB |","robots":{"index":"index","follow":"follow","max-snippet":"max-snippet:-1","max-image-preview":"max-image-preview:large","max-video-preview":"max-video-preview:-1"},"canonical":"https:\/\/agroinfo.lt\/en\/product\/veterinary-b-mode-ultrasound-scanner-rku10-healthy-cows\/","og_locale":"en_US","og_type":"article","og_title":"Veterinary B Mode Ultrasound Scanner RKU10 | Healthy Cows - Agroinfo UAB |","og_description":"Veterinary Ultrasound Scanner: convenient use, for different animals RKU10 is with light weight, long-time battery work, unique ring design, multiple use method, very convenient for long-time using but eliminating operating fatigue, different probes available for different animals.      &nbsp;","og_url":"https:\/\/agroinfo.lt\/en\/product\/veterinary-b-mode-ultrasound-scanner-rku10-healthy-cows\/","og_site_name":"Agroinfo UAB |","article_publisher":"https:\/\/www.facebook.com\/UAB-Agroinfo-1695268507399346","article_modified_time":"2021-05-19T11:03:03+00:00","og_image":[{"width":500,"height":500,"url":"https:\/\/agroinfo.lt\/wp-content\/uploads\/2021\/05\/rku-10-80398878842798.jpg","type":"image\/jpeg"}],"twitter_card":"summary_large_image","twitter_misc":{"Est. reading time":"3 minutes"},"schema":{"@context":"https:\/\/schema.org","@graph":[{"@type":"WebPage","@id":"https:\/\/agroinfo.lt\/en\/product\/veterinary-b-mode-ultrasound-scanner-rku10-healthy-cows\/","url":"https:\/\/agroinfo.lt\/en\/product\/veterinary-b-mode-ultrasound-scanner-rku10-healthy-cows\/","name":"Veterinary B Mode Ultrasound Scanner RKU10 | Healthy Cows - Agroinfo UAB |","isPartOf":{"@id":"https:\/\/agroinfo.lt\/en\/#website"},"primaryImageOfPage":{"@id":"https:\/\/agroinfo.lt\/en\/product\/veterinary-b-mode-ultrasound-scanner-rku10-healthy-cows\/#primaryimage"},"image":{"@id":"https:\/\/agroinfo.lt\/en\/product\/veterinary-b-mode-ultrasound-scanner-rku10-healthy-cows\/#primaryimage"},"thumbnailUrl":"https:\/\/agroinfo.lt\/wp-content\/uploads\/2021\/05\/rku-10-80398878842798.jpg","datePublished":"2021-05-12T12:40:13+00:00","dateModified":"2021-05-19T11:03:03+00:00","breadcrumb":{"@id":"https:\/\/agroinfo.lt\/en\/product\/veterinary-b-mode-ultrasound-scanner-rku10-healthy-cows\/#breadcrumb"},"inLanguage":"en-US","potentialAction":[{"@type":"ReadAction","target":["https:\/\/agroinfo.lt\/en\/product\/veterinary-b-mode-ultrasound-scanner-rku10-healthy-cows\/"]}]},{"@type":"ImageObject","inLanguage":"en-US","@id":"https:\/\/agroinfo.lt\/en\/product\/veterinary-b-mode-ultrasound-scanner-rku10-healthy-cows\/#primaryimage","url":"https:\/\/agroinfo.lt\/wp-content\/uploads\/2021\/05\/rku-10-80398878842798.jpg","contentUrl":"https:\/\/agroinfo.lt\/wp-content\/uploads\/2021\/05\/rku-10-80398878842798.jpg","width":500,"height":500},{"@type":"BreadcrumbList","@id":"https:\/\/agroinfo.lt\/en\/product\/veterinary-b-mode-ultrasound-scanner-rku10-healthy-cows\/#breadcrumb","itemListElement":[{"@type":"ListItem","position":1,"name":"Prad\u017eia","item":"https:\/\/agroinfo.lt\/en\/"},{"@type":"ListItem","position":2,"name":"Shop","item":"https:\/\/agroinfo.lt\/en\/shop\/"},{"@type":"ListItem","position":3,"name":"Veterinary B Mode Ultrasound Scanner RKU10 | Healthy Cows"}]},{"@type":"WebSite","@id":"https:\/\/agroinfo.lt\/en\/#website","url":"https:\/\/agroinfo.lt\/en\/","name":"Agroinfo UAB |","description":"Ferm\u0173 \u012franga | Pieno \u016bkis | D\u0117mesys karvei - sveiki ver\u0161eliai","publisher":{"@id":"https:\/\/agroinfo.lt\/en\/#organization"},"potentialAction":[{"@type":"SearchAction","target":{"@type":"EntryPoint","urlTemplate":"https:\/\/agroinfo.lt\/en\/?s={search_term_string}"},"query-input":{"@type":"PropertyValueSpecification","valueRequired":true,"valueName":"search_term_string"}}],"inLanguage":"en-US"},{"@type":"Organization","@id":"https:\/\/agroinfo.lt\/en\/#organization","name":"UAB Agroinfo","url":"https:\/\/agroinfo.lt\/en\/","logo":{"@type":"ImageObject","inLanguage":"en-US","@id":"https:\/\/agroinfo.lt\/en\/#\/schema\/logo\/image\/","url":"https:\/\/agroinfo.lt\/wp-content\/uploads\/2018\/11\/cropped-Agroinfo_logo_2-1.jpg","contentUrl":"https:\/\/agroinfo.lt\/wp-content\/uploads\/2018\/11\/cropped-Agroinfo_logo_2-1.jpg","width":792,"height":464,"caption":"UAB Agroinfo"},"image":{"@id":"https:\/\/agroinfo.lt\/en\/#\/schema\/logo\/image\/"},"sameAs":["https:\/\/www.facebook.com\/UAB-Agroinfo-1695268507399346","https:\/\/www.youtube.com\/channel\/UCrndGwh3H7OsV5sCDIBBYGg"]}]}},"_links":{"self":[{"href":"https:\/\/agroinfo.lt\/en\/wp-json\/wp\/v2\/product\/10996","targetHints":{"allow":["GET"]}}],"collection":[{"href":"https:\/\/agroinfo.lt\/en\/wp-json\/wp\/v2\/product"}],"about":[{"href":"https:\/\/agroinfo.lt\/en\/wp-json\/wp\/v2\/types\/product"}],"version-history":[{"count":0,"href":"https:\/\/agroinfo.lt\/en\/wp-json\/wp\/v2\/product\/10996\/revisions"}],"wp:featuredmedia":[{"embeddable":true,"href":"https:\/\/agroinfo.lt\/en\/wp-json\/wp\/v2\/media\/10998"}],"wp:attachment":[{"href":"https:\/\/agroinfo.lt\/en\/wp-json\/wp\/v2\/media?parent=10996"}],"wp:term":[{"taxonomy":"product_brand","embeddable":true,"href":"https:\/\/agroinfo.lt\/en\/wp-json\/wp\/v2\/product_brand?post=10996"},{"taxonomy":"product_cat","embeddable":true,"href":"https:\/\/agroinfo.lt\/en\/wp-json\/wp\/v2\/product_cat?post=10996"},{"taxonomy":"product_tag","embeddable":true,"href":"https:\/\/agroinfo.lt\/en\/wp-json\/wp\/v2\/product_tag?post=10996"}],"curies":[{"name":"wp","href":"https:\/\/api.w.org\/{rel}","templated":true}]}}